{"id":1173,"date":"2025-03-04T18:05:35","date_gmt":"2025-03-04T16:05:35","guid":{"rendered":"http:\/\/logokujundus.ee\/kayttoehdot\/"},"modified":"2025-03-05T17:10:06","modified_gmt":"2025-03-05T15:10:06","slug":"kayttoehdot","status":"publish","type":"page","link":"https:\/\/logokujundus.ee\/fi\/kayttoehdot\/","title":{"rendered":"K\u00e4ytt\u00f6ehdot"},"content":{"rendered":"\n<p>K\u00e4ym\u00e4ll\u00e4 verkkosivustolla <a href=\"http:\/\/logokujundus.ee\/fi\/\">logokujundus.ee<\/a> hyv\u00e4ksyt t\u00e4ss\u00e4 asiakirjassa esitettyjen k\u00e4ytt\u00f6ehtojen noudattamisen. Jos et hyv\u00e4ksy n\u00e4it\u00e4 k\u00e4ytt\u00f6ehtoja, poistu sivustolta v\u00e4litt\u00f6m\u00e4sti. T\u00e4m\u00e4n verkkosivuston aineisto on suojattu tavaramerkki- ja tekij\u00e4noikeuslaeilla.  <\/p>\n\n<p>Palvelun k\u00e4ytt\u00f6 edellytt\u00e4\u00e4 my\u00f6s Skald O\u00dc:n tietosuojak\u00e4yt\u00e4nn\u00f6n hyv\u00e4ksymist\u00e4 ja noudattamista. Tietosuojak\u00e4yt\u00e4nn\u00f6ss\u00e4 kuvataan politiikkamme ja k\u00e4yt\u00e4nt\u00f6mme, jotka koskevat henkil\u00f6tietojesi ker\u00e4\u00e4mist\u00e4, k\u00e4ytt\u00f6\u00e4 ja luovuttamista, kun k\u00e4yt\u00e4t sovellustamme tai verkkosivustoamme. Lue siis ennen sivustomme tai palveluidemme k\u00e4ytt\u00e4mist\u00e4 <a href=\"http:\/\/logokujundus.ee\/fi\/tietosuojakaytanto\/\">tietosuojaseloste<\/a> huolellisesti.  <\/p>\n\n<h2 class=\"wp-block-heading\">Ev\u00e4steet<\/h2>\n\n<p>Kuten useimmat nykyaikaiset verkkosivustot, my\u00f6s meid\u00e4n verkkosivustomme k\u00e4ytt\u00e4\u00e4 ev\u00e4steit\u00e4. K\u00e4yt\u00e4mme ev\u00e4steit\u00e4 parantaaksemme tiettyjen sivujen toimivuutta ja tehdaksemme verkkosivustomme k\u00e4yt\u00f6st\u00e4 helpompaa ja mukavampaa k\u00e4vij\u00f6ille. My\u00f6s jotkin yhteisty\u00f6kumppaneidemme sivustot saattavat k\u00e4ytt\u00e4\u00e4 ev\u00e4steit\u00e4. Voit lukea lis\u00e4\u00e4 ev\u00e4steist\u00e4 tietosuojaselosteestamme.   <\/p>\n\n<h2 class=\"wp-block-heading\">Lisenssit<\/h2>\n\n<p>Ellei toisin mainita, Skald O\u00dc omistaa kaikki <a href=\"http:\/\/logokujundus.ee\/fi\/\">logokujundus.ee-sivustolla n\u00e4kyv\u00e4t immateriaalioikeudet .<\/a> Kaikki oikeudet pid\u00e4tet\u00e4\u00e4n. <\/p>\n\n<p>Et saa:<\/p>\n\n<ul class=\"wp-block-list\">\n<li>Julkaista <a href=\"http:\/\/logokujundus.ee\/fi\/\">logokujundus.ee-sivustolla<\/a> esitetty\u00e4 materiaalia (teksti\u00e4, kuvia, videoita jne.) muualla.<\/li>\n\n\n\n<li>Myyd\u00e4, vuokrata tai lisensoida t\u00e4t\u00e4 materiaalia.<\/li>\n\n\n\n<li>Kopioi sivun sis\u00e4lt\u00f6.<\/li>\n\n\n\n<li><a href=\"http:\/\/logokujundus.ee\/fi\/\">Logokujundus.ee-sivuston sivujen sis\u00e4ll\u00f6n levitt\u00e4minen .<\/a> <\/li>\n<\/ul>\n\n<p>T\u00e4m\u00e4 sopimus on voimassa 04\/03\/2025 alkaen.<\/p>\n\n<p>Joillakin t\u00e4m\u00e4n verkkosivuston sivuilla k\u00e4ytt\u00e4jill\u00e4 voi olla mahdollisuus kommentoida ja vaihtaa mielipiteit\u00e4 tai tietoja. N\u00e4m\u00e4 kommentit eiv\u00e4t vastaa Skald Ltd:n, sen edustajien ja\/tai tyt\u00e4ryhti\u00f6iden n\u00e4kemyksi\u00e4 ja mielipiteit\u00e4. Kommentit heijastavat niiden henkil\u00f6iden n\u00e4kemyksi\u00e4 ja mielipiteit\u00e4, jotka ovat l\u00e4hett\u00e4neet ne. Skald O\u00dc ei ole vastuussa sivustolla esiintyvien kommenttien sis\u00e4ll\u00f6st\u00e4 eik\u00e4 niist\u00e4 mahdollisesti aiheutuvista aineellisista tai henkisist\u00e4 vahingoista.   <\/p>\n\n<p>Skald O\u00dc pid\u00e4tt\u00e4\u00e4 itsell\u00e4\u00e4n oikeuden valvoa kaikkia kommentteja ja poistaa kaikki sellaiset kommentit, joita se pit\u00e4\u00e4 sopimattomina, loukkaavina tai ehtojen vastaisina.<\/p>\n\n<p>Vierailemalla:<\/p>\n\n<ul class=\"wp-block-list\">\n<li>Sinulla on oikeus l\u00e4hett\u00e4\u00e4 kommentteja verkkosivustollamme;<\/li>\n\n\n\n<li>Vahvistat, ett\u00e4 julkaisemasi kommentit eiv\u00e4t loukkaa mink\u00e4\u00e4n kolmannen osapuolen immateriaalioikeuksia, tekij\u00e4noikeuksia, patentteja tai tavaramerkkej\u00e4;<\/li>\n\n\n\n<li>Vahvistat, ett\u00e4 kommenttisi eiv\u00e4t sis\u00e4ll\u00e4 herjaavaa, loukkaavaa, loukkaavaa, sopimatonta tai muuten laitonta materiaalia;<\/li>\n\n\n\n<li>Sitoudut siihen, ett\u00e4 et k\u00e4yt\u00e4 kommentointioikeutta kaupallisen tai laittoman toiminnan pyyt\u00e4miseen tai edist\u00e4miseen.<\/li>\n<\/ul>\n\n<p>My\u00f6nn\u00e4t t\u00e4ten Skald O\u00dc:lle yksinoikeuden k\u00e4ytt\u00e4\u00e4, j\u00e4ljent\u00e4\u00e4 ja muokata kommenttejasi sek\u00e4 antaa muille luvan k\u00e4ytt\u00e4\u00e4, j\u00e4ljent\u00e4\u00e4 ja muokata niit\u00e4 miss\u00e4 tahansa muodossa, muodossa tai v\u00e4lineess\u00e4.<\/p>\n\n<h2 class=\"wp-block-heading\">Sitoumuksista luopuminen<\/h2>\n\n<p>Emme takaa, ett\u00e4 t\u00e4ll\u00e4 verkkosivustolla olevat tiedot ovat oikeita, t\u00e4ydellisi\u00e4 tai tarkkoja. Emme my\u00f6sk\u00e4\u00e4n takaa, ett\u00e4 verkkosivusto pysyy aina saatavilla tai ett\u00e4 verkkosivuston tiedot pidet\u00e4\u00e4n ajan tasalla. <\/p>\n\n<p>Jos verkkosivustolla tarjottavat tiedot ja\/tai palvelut ovat maksuttomia, emme ole vastuussa mist\u00e4\u00e4n menetyksest\u00e4 tai vahingosta.<\/p>\n\n<h2 class=\"wp-block-heading\">Riitojen ratkaiseminen<\/h2>\n\n<p>Jos sinulla on huolenaiheita tai riitoja Palvelusta, sitoudut ensin yritt\u00e4m\u00e4\u00e4n ratkaista riidan ep\u00e4virallisesti ottamalla yhteytt\u00e4 Skald O\u00dc:hen.<\/p>\n\n<h2 class=\"wp-block-heading\">Rajoitukset<\/h2>\n\n<p>Skald O\u00dc tai sen tavarantoimittajat eiv\u00e4t anna mit\u00e4\u00e4n vakuutuksia Skald O\u00dc:n Internet-sivuston aineiston k\u00e4yt\u00f6st\u00e4 tai kyvytt\u00f6myydest\u00e4 k\u00e4ytt\u00e4\u00e4 sit\u00e4. T\u00e4m\u00e4 p\u00e4tee, vaikka Skald O\u00dc:lle tai sen valtuutetulle edustajalle olisi suullisesti tai kirjallisesti ilmoitettu t\u00e4llaisen vahingon mahdollisuudesta. <\/p>\n\n<h2 class=\"wp-block-heading\">Muutokset ja virheet<\/h2>\n\n<p>Skald O\u00dc:n verkkosivuilla voi olla erilaisia virheit\u00e4. Emme ole vastuussa sivuston sis\u00e4lt\u00e4mien tietojen oikeellisuudesta, t\u00e4ydellisyydest\u00e4 tai asianmukaisuudesta. Voimme muuttaa tai poistaa sivustolla olevia tietoja milloin tahansa ilman ennakkoilmoitusta. Skald O\u00dc ei ole velvollinen pit\u00e4m\u00e4\u00e4n verkkosivuillaan olevia tietoja ajan tasalla.   <\/p>\n\n<h2 class=\"wp-block-heading\">Linkit muille verkkosivustoille<\/h2>\n\n<p>Palvelumme voi sis\u00e4lt\u00e4\u00e4 linkkej\u00e4 kolmansien osapuolten verkkosivustoille tai palveluihin. Meill\u00e4 ei ole m\u00e4\u00e4r\u00e4ysvaltaa emmek\u00e4 ole vastuussa t\u00e4llaisten verkkosivustojen palveluista, sis\u00e4ll\u00f6st\u00e4 tai tietosuojak\u00e4yt\u00e4nn\u00f6ist\u00e4. Hyv\u00e4ksyt my\u00f6s, ett\u00e4 Skald LLC ei ole suoraan tai v\u00e4lillisesti vastuussa mist\u00e4\u00e4n menetyksist\u00e4 tai vahingoista, jotka voivat aiheutua kolmansien osapuolten verkkosivustojen k\u00e4yt\u00f6st\u00e4.  <\/p>\n\n<p>Suosittelemme, ett\u00e4 luet kaikkien vieraillessasi k\u00e4ytt\u00e4miesi kolmansien osapuolten verkkosivustojen k\u00e4ytt\u00f6ehdot ja tietosuojak\u00e4yt\u00e4nn\u00f6t.<\/p>\n\n<h2 class=\"wp-block-heading\">Linkkien poistaminen verkkosivustoltamme<\/h2>\n\n<p>Jos l\u00f6yd\u00e4t verkkosivuiltamme linkin, joka on jostain syyst\u00e4 sopimaton, voit ottaa meihin yhteytt\u00e4 ja ilmoittaa siit\u00e4. Harkitsemme linkkien poistopyynt\u00f6j\u00e4 ja vastaamme niihin 5 ty\u00f6p\u00e4iv\u00e4n kuluessa, mutta meill\u00e4 ei ole velvollisuutta poistaa linkkej\u00e4. <\/p>\n\n<p>Vaikka pyrimme varmistamaan, ett\u00e4 verkkosivustomme tiedot ovat oikeita, emme voi taata niiden t\u00e4ydellisyytt\u00e4 tai tarkkuutta, emmek\u00e4 ole velvollisia varmistamaan, ett\u00e4 verkkosivusto on k\u00e4ytett\u00e4viss\u00e4 tai ett\u00e4 verkkosivuston materiaali on ajan tasalla.<\/p>\n\n<h2 class=\"wp-block-heading\">Varausten erottaminen toisistaan<\/h2>\n\n<p>Jos jokin n\u00e4iden k\u00e4ytt\u00f6ehtojen m\u00e4\u00e4r\u00e4ys todetaan p\u00e4tem\u00e4tt\u00f6m\u00e4ksi, kyseist\u00e4 m\u00e4\u00e4r\u00e4yst\u00e4 muutetaan siten, ett\u00e4 sen tehokkuus maksimoidaan ja se on lain mukainen. Palveluehtojen kaikki muut m\u00e4\u00e4r\u00e4ykset pysyv\u00e4t t\u00e4ysin voimassa. <\/p>\n\n<h2 class=\"wp-block-heading\">Oikeuksista luopuminen<\/h2>\n\n<p>Ellei t\u00e4ss\u00e4 toisin mainita, jonkin t\u00e4ss\u00e4 mainitun oikeuden k\u00e4ytt\u00e4m\u00e4tt\u00e4 j\u00e4tt\u00e4minen ei tarkoita, ett\u00e4 samaa oikeutta ei voisi k\u00e4ytt\u00e4\u00e4 my\u00f6hemmin.<\/p>\n\n<h2 class=\"wp-block-heading\">K\u00e4ytt\u00f6ehtojen muutokset<\/h2>\n\n<p>Pid\u00e4t\u00e4mme oikeuden muuttaa n\u00e4it\u00e4 ehtoja oman harkintamme mukaan milloin tahansa. Jos muutos on olennainen, pyrimme parhaan kykymme mukaan ilmoittamaan siit\u00e4 sinulle v\u00e4hint\u00e4\u00e4n 30 p\u00e4iv\u00e4\u00e4 ennen sen voimaantuloa. Se, mik\u00e4 on olennainen muutos, m\u00e4\u00e4r\u00e4ytyy oman harkintamme mukaan.  <\/p>\n\n<p>Jatkamalla palveluidemme k\u00e4ytt\u00f6\u00e4 n\u00e4iden muutosten voimaantulop\u00e4iv\u00e4n j\u00e4lkeen hyv\u00e4ksyt, ett\u00e4 tarkistetut ehdot sitovat sinua. Jos et hyv\u00e4ksy uusia ehtoja kokonaan tai osittain, lopeta verkkosivustomme ja palvelumme k\u00e4ytt\u00f6. <\/p>\n\n<h2 class=\"wp-block-heading\">Keskeyt\u00e4 p\u00e4\u00e4sy<\/h2>\n\n<p>Jos rikot mit\u00e4 tahansa t\u00e4ss\u00e4 asiakirjassa esitettyj\u00e4 ehtoja, voimme v\u00e4litt\u00f6m\u00e4sti keskeytt\u00e4\u00e4 p\u00e4\u00e4sysi sivustollemme ja palveluihimme. T\u00e4ss\u00e4 tapauksessa meill\u00e4 ei ole velvollisuutta ilmoittaa sinulle. Keskeytyksen j\u00e4lkeen menet\u00e4t v\u00e4litt\u00f6m\u00e4sti oikeutesi k\u00e4ytt\u00e4\u00e4 palveluitamme.  <\/p>\n\n<h2 class=\"wp-block-heading\">Yksityisyytesi<\/h2>\n\n<p>Yksityisyytt\u00e4si koskevista m\u00e4\u00e4r\u00e4yksist\u00e4 saat tietoa <a href=\"http:\/\/logokujundus.ee\/fi\/tietosuojakaytanto\/\">tietosuojaselosteesta<\/a>.<\/p>\n\n<h2 class=\"wp-block-heading\">Sovellettava laki<\/h2>\n\n<p>Kaikkiin Skald O\u00dc:n verkkosivustoon liittyviin vaatimuksiin sovelletaan Viron tasavallan lakeja.<\/p>\n\n<h2 class=\"wp-block-heading\">Ota yhteytt\u00e4<\/h2>\n\n<p>Jos sinulla on kysytt\u00e4v\u00e4\u00e4, ota meihin yhteytt\u00e4 s\u00e4hk\u00f6postitse: ahhoi@skald.ee tai puhelimitse: +37251930090.<\/p>\n\n<p>Skald O\u00dc pid\u00e4tt\u00e4\u00e4 oikeuden tehd\u00e4 tarvittaessa muutoksia verkkosivuston k\u00e4ytt\u00f6ehtoihin.<\/p>\n\n<p>Viimeksi muokattu 04\/03\/2025<\/p>\n\n<p><\/p>\n","protected":false},"excerpt":{"rendered":"<p>K\u00e4ym\u00e4ll\u00e4 verkkosivustolla logokujundus.ee hyv\u00e4ksyt t\u00e4ss\u00e4 asiakirjassa esitettyjen k\u00e4ytt\u00f6ehtojen noudattamisen. Jos et hyv\u00e4ksy n\u00e4it\u00e4 k\u00e4ytt\u00f6ehtoja, poistu sivustolta v\u00e4litt\u00f6m\u00e4sti. T\u00e4m\u00e4n verkkosivuston aineisto on suojattu tavaramerkki- ja tekij\u00e4noikeuslaeilla. Palvelun k\u00e4ytt\u00f6 edellytt\u00e4\u00e4 my\u00f6s Skald O\u00dc:n tietosuojak\u00e4yt\u00e4nn\u00f6n hyv\u00e4ksymist\u00e4 ja noudattamista. Tietosuojak\u00e4yt\u00e4nn\u00f6ss\u00e4 kuvataan politiikkamme ja k\u00e4yt\u00e4nt\u00f6mme, jotka koskevat henkil\u00f6tietojesi ker\u00e4\u00e4mist\u00e4, k\u00e4ytt\u00f6\u00e4 ja luovuttamista, kun k\u00e4yt\u00e4t sovellustamme tai verkkosivustoamme. Lue siis ennen [&hellip;]<\/p>\n","protected":false},"author":1,"featured_media":0,"parent":0,"menu_order":0,"comment_status":"closed","ping_status":"closed","template":"","meta":{"footnotes":""},"class_list":["post-1173","page","type-page","status-publish","hentry"],"jetpack_sharing_enabled":true,"_links":{"self":[{"href":"https:\/\/logokujundus.ee\/fi\/wp-json\/wp\/v2\/pages\/1173","targetHints":{"allow":["GET"]}}],"collection":[{"href":"https:\/\/logokujundus.ee\/fi\/wp-json\/wp\/v2\/pages"}],"about":[{"href":"https:\/\/logokujundus.ee\/fi\/wp-json\/wp\/v2\/types\/page"}],"author":[{"embeddable":true,"href":"https:\/\/logokujundus.ee\/fi\/wp-json\/wp\/v2\/users\/1"}],"replies":[{"embeddable":true,"href":"https:\/\/logokujundus.ee\/fi\/wp-json\/wp\/v2\/comments?post=1173"}],"version-history":[{"count":1,"href":"https:\/\/logokujundus.ee\/fi\/wp-json\/wp\/v2\/pages\/1173\/revisions"}],"predecessor-version":[{"id":1175,"href":"https:\/\/logokujundus.ee\/fi\/wp-json\/wp\/v2\/pages\/1173\/revisions\/1175"}],"wp:attachment":[{"href":"https:\/\/logokujundus.ee\/fi\/wp-json\/wp\/v2\/media?parent=1173"}],"curies":[{"name":"wp","href":"https:\/\/api.w.org\/{rel}","templated":true}]}}