{"id":1186,"date":"2025-03-04T18:06:27","date_gmt":"2025-03-04T16:06:27","guid":{"rendered":"http:\/\/logokujundus.ee\/myyntiehdot\/"},"modified":"2025-03-21T20:19:36","modified_gmt":"2025-03-21T18:19:36","slug":"myyntiehdot","status":"publish","type":"page","link":"https:\/\/logokujundus.ee\/fi\/myyntiehdot\/","title":{"rendered":"Myyntiehdot"},"content":{"rendered":"\n<p>Verkkokaupan logokujundus.ee (j\u00e4ljemp\u00e4n\u00e4 verkkokauppa) omistaja on Skald O\u00dc (rekisteritunnus 16335659).<\/p>\n\n<h2 class=\"wp-block-heading\">Myyntisopimuksen, palvelun ja hintatietojen voimassaolo.<\/h2>\n\n<p>Myyntiehdot koskevat palvelujen ostamista verkkokaupasta.<\/p>\n\n<p>Verkkokaupassa myyt\u00e4vien palvelujen hinnat on ilmoitettu palvelujen yhteydess\u00e4. Kaikki verkkokaupassa myyt\u00e4vien tuotteiden hinnat ovat eurom\u00e4\u00e4r\u00e4isi\u00e4.   <\/p>\n\n<p>Tietoa palvelusta saat verkkokaupasta suoraan palvelun vierest\u00e4.<\/p>\n\n<h2 class=\"wp-block-heading\">Palvelujen tarjoaminen<\/h2>\n\n<p>Tarjoamme palveluja asiakkaillemme maailmanlaajuisesti.  <\/p>\n\n<p>Tilattujen luovien palveluiden tulokset l\u00e4hetet\u00e4\u00e4n asiakkaalle s\u00e4hk\u00f6postitse 2-7 ty\u00f6p\u00e4iv\u00e4n kuluessa myyntisopimuksen tekemisest\u00e4.<\/p>\n\n<p>Tietyiss\u00e4 tapauksissa palvelun tarjoamisen m\u00e4\u00e4r\u00e4aikaa voidaan pident\u00e4\u00e4:<\/p>\n\n<ul class=\"wp-block-list\">\n<li>Tilausten eritt\u00e4in suuren m\u00e4\u00e4r\u00e4n vuoksi<\/li>\n\n\n\n<li>laajalle levinneiden s\u00e4hk\u00f6- ja\/tai viestint\u00e4palvelujen keskeytysten vuoksi.<\/li>\n\n\n\n<li>Yrityksen lomien vuoksi<\/li>\n\n\n\n<li>muista ennalta arvaamattomista syist\u00e4, joihin yritys ei voi vaikuttaa.<\/li>\n<\/ul>\n\n<p>Jos palvelun toimittaminen viiv\u00e4styy ja jos ty\u00f6t\u00e4 ei ole viel\u00e4 aloitettu, asiakkaalla on oikeus peruuttaa tilaus ja saada rahansa takaisin.<\/p>\n\n<p>Jos palvelun toimittaminen viiv\u00e4styy yli 30 p\u00e4iv\u00e4\u00e4 (my\u00f6s silloin, kun ty\u00f6t on jo aloitettu), asiakkaalla on my\u00f6s oikeus peruuttaa tilaus ja saada rahansa takaisin. T\u00e4t\u00e4 lauseketta ei sovelleta, jos tilaus viiv\u00e4styy esimerkiksi asiakkaan vuoksi. palautteen viivytt\u00e4minen ja kosketuksettomuus.    <\/p>\n\n<h2 class=\"wp-block-heading\">Peruuttamisoikeus ja vakuus<\/h2>\n\n<h3 class=\"wp-block-heading\">Peruuttamisoikeus<\/h3>\n\n<p><a href=\"https:\/\/www.riigiteataja.ee\/akt\/961235?leiaKehtiv\" target=\"_blank\" rel=\"noreferrer noopener\">Velvoiteoikeuslain<\/a> 53 \u00a7:n 4 momentissa lueteltujen edellytysten mukaan 14 p\u00e4iv\u00e4n peruuttamisoikeutta ei sovelleta verkkokaupassa tarjottaviin palveluihin, jos elinkeinonharjoittaja on t\u00e4ytt\u00e4nyt sopimuksen mukaiset velvoitteensa t\u00e4ysim\u00e4\u00e4r\u00e4isesti ja kuluttaja maksaa elinkeinonharjoittajalle maksun, ainoastaan jos palvelun tarjoaminen tai muu suoritus on aloitettu kuluttajan nimenomaisella ennakkosuostumuksella ja kuluttajan vahvistettua, ett\u00e4 h\u00e4n on tietoinen elinkeinonharjoittajan peruuttamisoikeutensa menett\u00e4misest\u00e4 siin\u00e4 tapauksessa, ett\u00e4 sopimus t\u00e4ytet\u00e4\u00e4n t\u00e4ysim\u00e4\u00e4r\u00e4isesti.<\/p>\n\n<h3 class=\"wp-block-heading\">Takuu<\/h3>\n\n<p>Euroopan unionin lains\u00e4\u00e4d\u00e4nn\u00f6n mukaisesti digitaalisella sis\u00e4ll\u00f6ll\u00e4 ja palveluilla on my\u00f6s kahden vuoden takuu, jos digitaalinen sis\u00e4lt\u00f6 tai palvelu osoittautuu vialliseksi tai ei vastaa mainostettua. Takuun piiriin kuuluvat tapaukset: <\/p>\n\n<ul class=\"wp-block-list\">\n<li>Alun perin l\u00e4hetetyt tiedostot ovat rikkin\u00e4isi\u00e4 tai v\u00e4\u00e4r\u00e4ss\u00e4 muodossa.<\/li>\n\n\n\n<li>Tiedostoissa on v\u00e4\u00e4r\u00e4 v\u00e4riprofiili<\/li>\n\n\n\n<li>Vektorigrafiikan teksti n\u00e4ytt\u00e4\u00e4 v\u00e4\u00e4r\u00e4n kirjasintyypin<\/li>\n\n\n\n<li>Logon ep\u00e4ill\u00e4\u00e4n olevan plagioitu.<\/li>\n<\/ul>\n\n<p>K\u00e4sittelemme jokaisen korvausvaatimuksen tapauskohtaisesti ja teemme korjaukset parhaan harkintakykymme ja kykymme mukaan. Plagiointiep\u00e4ilyiss\u00e4 syytteen esitt\u00e4j\u00e4ll\u00e4 on velvollisuus todistaa tahallinen plagiointi. <\/p>\n\n<h2 class=\"wp-block-heading\">Suoramarkkinointi ja henkil\u00f6tietojen k\u00e4sittely<\/h2>\n\n<p>Verkkokauppa k\u00e4ytt\u00e4\u00e4 ostajan antamia henkil\u00f6tietoja ainoastaan tilauksen k\u00e4sittelyyn.<\/p>\n\n<p>Verkkokauppa l\u00e4hett\u00e4\u00e4 uutiskirjeit\u00e4 ja tarjouksia ostajan s\u00e4hk\u00f6postiosoitteeseen vain, jos ostaja on ilmaissut halunsa saada niit\u00e4 sy\u00f6tt\u00e4m\u00e4ll\u00e4 s\u00e4hk\u00f6postiosoitteensa verkkosivustolle ja ilmoittanut haluavansa vastaanottaa suoramainontailmoituksia.<\/p>\n\n<p>Ostaja voi milloin tahansa kielt\u00e4yty\u00e4 vastaanottamasta tarjouksia ja uutiskirjeit\u00e4 s\u00e4hk\u00f6postitse ilmoittamalla siit\u00e4 meille s\u00e4hk\u00f6postitse tai noudattamalla tarjoukset sis\u00e4lt\u00e4v\u00e4ss\u00e4 s\u00e4hk\u00f6postiviestiss\u00e4 annettuja ohjeita.<\/p>\n\n<h2 class=\"wp-block-heading\">Riitojen ratkaiseminen<\/h2>\n\n<p>Jos ostajalla on verkkokauppaa koskevia valituksia, ne on l\u00e4hetett\u00e4v\u00e4 s\u00e4hk\u00f6postitse osoitteeseen ahhoi@skald.ee tai puhelimitse numeroon +37251930090.<\/p>\n\n<p>Jos ostaja ja verkkokauppa eiv\u00e4t pysty ratkaisemaan riitaa sopimuksella, ostaja voi k\u00e4\u00e4nty\u00e4 kuluttajariitalautakunnan puoleen. Voit lukea menettelyn ehdot ja hakea hakemusta <a href=\"https:\/\/komisjon.ee\/et\/avalduse-esitamine\" target=\"_blank\" rel=\"noreferrer noopener\">t\u00e4\u00e4lt\u00e4.<\/a> Kuluttajariitalautakunta on toimivaltainen ratkaisemaan ostajan ja verkkokaupan v\u00e4lisest\u00e4 sopimuksesta johtuvat riidat. Ostajan valituksen tutkiminen on komissiolle maksutonta.   <\/p>\n\n<p>Ostaja voi k\u00e4\u00e4nty\u00e4 Euroopan unionin kuluttajariitojen <a href=\"https:\/\/ec.europa.eu\/consumers\/odr\/main\/index.cfm?event=main.home2.show&amp;lng=ET\" target=\"_blank\" rel=\"noreferrer noopener\">ratkaisufoorumin<\/a> puoleen.<\/p>\n\n<p>Viimeksi muokattu 04\/03\/2025<\/p>\n","protected":false},"excerpt":{"rendered":"<p>Verkkokaupan logokujundus.ee (j\u00e4ljemp\u00e4n\u00e4 verkkokauppa) omistaja on Skald O\u00dc (rekisteritunnus 16335659). Myyntisopimuksen, palvelun ja hintatietojen voimassaolo. Myyntiehdot koskevat palvelujen ostamista verkkokaupasta. Verkkokaupassa myyt\u00e4vien palvelujen hinnat on ilmoitettu palvelujen yhteydess\u00e4. Kaikki verkkokaupassa myyt\u00e4vien tuotteiden hinnat ovat eurom\u00e4\u00e4r\u00e4isi\u00e4. Tietoa palvelusta saat verkkokaupasta suoraan palvelun vierest\u00e4. Palvelujen tarjoaminen Tarjoamme palveluja asiakkaillemme maailmanlaajuisesti. Tilattujen luovien palveluiden tulokset l\u00e4hetet\u00e4\u00e4n asiakkaalle s\u00e4hk\u00f6postitse [&hellip;]<\/p>\n","protected":false},"author":1,"featured_media":0,"parent":0,"menu_order":0,"comment_status":"closed","ping_status":"closed","template":"","meta":{"footnotes":""},"class_list":["post-1186","page","type-page","status-publish","hentry"],"jetpack_sharing_enabled":true,"_links":{"self":[{"href":"https:\/\/logokujundus.ee\/fi\/wp-json\/wp\/v2\/pages\/1186","targetHints":{"allow":["GET"]}}],"collection":[{"href":"https:\/\/logokujundus.ee\/fi\/wp-json\/wp\/v2\/pages"}],"about":[{"href":"https:\/\/logokujundus.ee\/fi\/wp-json\/wp\/v2\/types\/page"}],"author":[{"embeddable":true,"href":"https:\/\/logokujundus.ee\/fi\/wp-json\/wp\/v2\/users\/1"}],"replies":[{"embeddable":true,"href":"https:\/\/logokujundus.ee\/fi\/wp-json\/wp\/v2\/comments?post=1186"}],"version-history":[{"count":2,"href":"https:\/\/logokujundus.ee\/fi\/wp-json\/wp\/v2\/pages\/1186\/revisions"}],"predecessor-version":[{"id":2186,"href":"https:\/\/logokujundus.ee\/fi\/wp-json\/wp\/v2\/pages\/1186\/revisions\/2186"}],"wp:attachment":[{"href":"https:\/\/logokujundus.ee\/fi\/wp-json\/wp\/v2\/media?parent=1186"}],"curies":[{"name":"wp","href":"https:\/\/api.w.org\/{rel}","templated":true}]}}