{"id":1217,"date":"2025-03-03T11:19:53","date_gmt":"2025-03-03T09:19:53","guid":{"rendered":"http:\/\/logokujundus.ee\/teenus\/logon-suunnittelu\/"},"modified":"2025-04-08T15:02:37","modified_gmt":"2025-04-08T12:02:37","slug":"logon-suunnittelu","status":"publish","type":"product","link":"https:\/\/logokujundus.ee\/fi\/teenus\/logon-suunnittelu\/","title":{"rendered":"Logon suunnittelu"},"content":{"rendered":"<p>Jos olet uusi yritys, yksil\u00f6llinen logo on hyv\u00e4 keino erottautua mainonnassa. Vanhentuneen logon vaihtaminen on hyv\u00e4 idea my\u00f6s vakiintuneille yrityksille, jotka haluavat parantaa imagoaan. Suunnittelemme sinulle uuden logon, joka viestii yrityksesi arvoista ja tarinasta. Palvelumme avulla saat uudesta logostasi versiot k\u00e4ytett\u00e4v\u00e4ksi sek\u00e4 vaaleilla ett\u00e4 tummilla taustoilla, ja tiedostot eri tiedostomuodoissa, jotta logosi k\u00e4ytett\u00e4vyys olisi mahdollisimman hyv\u00e4.   <\/p>\n","protected":false},"excerpt":{"rendered":"<p>Jos olet uusi yritys, yksil\u00f6llinen logo on hyv\u00e4 keino erottautua mainonnassa. Vanhentuneen logon vaihtaminen on hyv\u00e4 idea my\u00f6s vakiintuneille yrityksille, jotka haluavat parantaa imagoaan. Suunnittelemme sinulle uuden logon, joka viestii yrityksesi arvoista ja tarinasta. Palvelumme avulla saat uudesta logostasi versiot k\u00e4ytett\u00e4v\u00e4ksi sek\u00e4 vaaleilla ett\u00e4 tummilla taustoilla, ja tiedostot eri tiedostomuodoissa, jotta logosi k\u00e4ytett\u00e4vyys olisi mahdollisimman [&hellip;]<\/p>\n","protected":false},"featured_media":1132,"template":"","meta":[],"product_brand":[],"product_cat":[29],"product_tag":[],"class_list":{"0":"post-1217","1":"product","2":"type-product","3":"status-publish","4":"has-post-thumbnail","6":"product_cat-uncategorized-fi","7":"wcpa_has_options","9":"first","10":"instock","11":"shipping-taxable","12":"purchasable","13":"product-type-variable","14":"has-default-attributes"},"jetpack_sharing_enabled":true,"_links":{"self":[{"href":"https:\/\/logokujundus.ee\/fi\/wp-json\/wp\/v2\/product\/1217","targetHints":{"allow":["GET"]}}],"collection":[{"href":"https:\/\/logokujundus.ee\/fi\/wp-json\/wp\/v2\/product"}],"about":[{"href":"https:\/\/logokujundus.ee\/fi\/wp-json\/wp\/v2\/types\/product"}],"wp:featuredmedia":[{"embeddable":true,"href":"https:\/\/logokujundus.ee\/fi\/wp-json\/wp\/v2\/media\/1132"}],"wp:attachment":[{"href":"https:\/\/logokujundus.ee\/fi\/wp-json\/wp\/v2\/media?parent=1217"}],"wp:term":[{"taxonomy":"product_brand","embeddable":true,"href":"https:\/\/logokujundus.ee\/fi\/wp-json\/wp\/v2\/product_brand?post=1217"},{"taxonomy":"product_cat","embeddable":true,"href":"https:\/\/logokujundus.ee\/fi\/wp-json\/wp\/v2\/product_cat?post=1217"},{"taxonomy":"product_tag","embeddable":true,"href":"https:\/\/logokujundus.ee\/fi\/wp-json\/wp\/v2\/product_tag?post=1217"}],"curies":[{"name":"wp","href":"https:\/\/api.w.org\/{rel}","templated":true}]}}