{"id":1644,"date":"2025-03-12T10:22:29","date_gmt":"2025-03-12T08:22:29","guid":{"rendered":"http:\/\/logokujundus.ee\/?post_type=product&#038;p=1644"},"modified":"2025-03-17T17:06:42","modified_gmt":"2025-03-17T15:06:42","slug":"logon-suunnittelu-kopeeri","status":"publish","type":"product","link":"https:\/\/logokujundus.ee\/fi\/teenus\/logon-suunnittelu-kopeeri\/","title":{"rendered":"Logon suunnittelun p\u00e4ivitys"},"content":{"rendered":"<p>Aina ei tarvitse tehd\u00e4 t\u00e4ysin uutta logoa. Joskus riitt\u00e4\u00e4, ett\u00e4 vanhaa logoa mukautetaan esimerkiksi yhdenmukaistamalla v\u00e4rej\u00e4 tai yksinkertaistamalla muotoja. Me annamme vanhalle logollesi uuden el\u00e4m\u00e4n.   Palvelun avulla saat uudesta logostasi versiot, joita voit k\u00e4ytt\u00e4\u00e4 sek\u00e4 vaaleilla ett\u00e4 tummilla taustoilla, sek\u00e4 tiedostoja eri tiedostomuodoissa, jotta logosi olisi mahdollisimman k\u00e4ytt\u00f6kelpoinen. Palvelu edellytt\u00e4\u00e4, ett\u00e4 sinulla on vanhat logotiedostosi. L\u00e4het\u00e4 meille mieluiten tiedosto olemassa olevasta logostasi mahdollisimman korkearesoluutioisena. Jos mahdollista, l\u00e4het\u00e4 tiedostot vektorimuodossa (SVG, AI, PDF, EPS), mutta jos se ei ole mahdollista, rasteritiedostot (JPG, PNG, GIF, WEBP) sopivat my\u00f6s.<\/p>\n","protected":false},"excerpt":{"rendered":"<p>Aina ei tarvitse tehd\u00e4 t\u00e4ysin uutta logoa. Joskus riitt\u00e4\u00e4, ett\u00e4 vanhaa logoa mukautetaan esimerkiksi yhdenmukaistamalla v\u00e4rej\u00e4 tai yksinkertaistamalla muotoja. Me annamme vanhalle logollesi uuden el\u00e4m\u00e4n. Palvelun avulla saat uudesta logostasi versiot, joita voit k\u00e4ytt\u00e4\u00e4 sek\u00e4 vaaleilla ett\u00e4 tummilla taustoilla, sek\u00e4 tiedostoja eri tiedostomuodoissa, jotta logosi olisi mahdollisimman k\u00e4ytt\u00f6kelpoinen. Palvelu edellytt\u00e4\u00e4, ett\u00e4 sinulla on vanhat logotiedostosi. [&hellip;]<\/p>\n","protected":false},"featured_media":1132,"template":"","meta":[],"product_brand":[],"product_cat":[29],"product_tag":[],"class_list":{"0":"post-1644","1":"product","2":"type-product","3":"status-publish","4":"has-post-thumbnail","6":"product_cat-uncategorized-fi","7":"wcpa_has_options","9":"first","10":"instock","11":"shipping-taxable","12":"purchasable","13":"product-type-variable","14":"has-default-attributes"},"jetpack_sharing_enabled":true,"_links":{"self":[{"href":"https:\/\/logokujundus.ee\/fi\/wp-json\/wp\/v2\/product\/1644","targetHints":{"allow":["GET"]}}],"collection":[{"href":"https:\/\/logokujundus.ee\/fi\/wp-json\/wp\/v2\/product"}],"about":[{"href":"https:\/\/logokujundus.ee\/fi\/wp-json\/wp\/v2\/types\/product"}],"wp:featuredmedia":[{"embeddable":true,"href":"https:\/\/logokujundus.ee\/fi\/wp-json\/wp\/v2\/media\/1132"}],"wp:attachment":[{"href":"https:\/\/logokujundus.ee\/fi\/wp-json\/wp\/v2\/media?parent=1644"}],"wp:term":[{"taxonomy":"product_brand","embeddable":true,"href":"https:\/\/logokujundus.ee\/fi\/wp-json\/wp\/v2\/product_brand?post=1644"},{"taxonomy":"product_cat","embeddable":true,"href":"https:\/\/logokujundus.ee\/fi\/wp-json\/wp\/v2\/product_cat?post=1644"},{"taxonomy":"product_tag","embeddable":true,"href":"https:\/\/logokujundus.ee\/fi\/wp-json\/wp\/v2\/product_tag?post=1644"}],"curies":[{"name":"wp","href":"https:\/\/api.w.org\/{rel}","templated":true}]}}