{"id":1660,"date":"2025-03-12T10:44:05","date_gmt":"2025-03-12T08:44:05","guid":{"rendered":"http:\/\/logokujundus.ee\/?post_type=product&#038;p=1660"},"modified":"2025-03-12T11:17:33","modified_gmt":"2025-03-12T09:17:33","slug":"logon-suunnittelun-paivitys-kopeeri","status":"publish","type":"product","link":"https:\/\/logokujundus.ee\/fi\/teenus\/logon-suunnittelun-paivitys-kopeeri\/","title":{"rendered":"Logon vektorointi"},"content":{"rendered":"<p>Jos sinulla on hyv\u00e4 logo, mutta sit\u00e4 on vaikea k\u00e4ytt\u00e4\u00e4 tietyiss\u00e4 tilanteissa vektorimuodon puuttumisen vuoksi, voimme auttaa sinua vektoroimaan logosi, jotta voit k\u00e4ytt\u00e4\u00e4 sit\u00e4 paremmin. Vektoroidun logon etuna on se, ett\u00e4 toisin kuin rasteroitua JPG- tai PNG-logoa, sit\u00e4 voidaan k\u00e4ytt\u00e4\u00e4 useissa eri kokoluokissa kuvanlaadusta tinkim\u00e4tt\u00e4 ja muuttumatta ep\u00e4selv\u00e4ksi ja rumaksi. Palvelu edellytt\u00e4\u00e4, ett\u00e4 sinulla on vanhat logotiedostosi. L\u00e4het\u00e4 meille mieluiten tiedosto olemassa olevasta logostasi mahdollisimman korkearesoluutioisena. Vektorointiin soveltuvia tiedostomuotoja ovat JPG, PNG, GIF ja WEBP.    <\/p>\n","protected":false},"excerpt":{"rendered":"<p>Jos sinulla on hyv\u00e4 logo, mutta sit\u00e4 on vaikea k\u00e4ytt\u00e4\u00e4 tietyiss\u00e4 tilanteissa vektorimuodon puuttumisen vuoksi, voimme auttaa sinua vektoroimaan logosi, jotta voit k\u00e4ytt\u00e4\u00e4 sit\u00e4 paremmin. Vektoroidun logon etuna on se, ett\u00e4 toisin kuin rasteroitua JPG- tai PNG-logoa, sit\u00e4 voidaan k\u00e4ytt\u00e4\u00e4 useissa eri kokoluokissa kuvanlaadusta tinkim\u00e4tt\u00e4 ja muuttumatta ep\u00e4selv\u00e4ksi ja rumaksi. Palvelu edellytt\u00e4\u00e4, ett\u00e4 sinulla on [&hellip;]<\/p>\n","protected":false},"featured_media":1132,"template":"","meta":[],"product_brand":[],"product_cat":[29],"product_tag":[],"class_list":{"0":"post-1660","1":"product","2":"type-product","3":"status-publish","4":"has-post-thumbnail","6":"product_cat-uncategorized-fi","7":"wcpa_has_options","9":"first","10":"instock","11":"virtual","12":"purchasable","13":"product-type-simple"},"jetpack_sharing_enabled":true,"_links":{"self":[{"href":"https:\/\/logokujundus.ee\/fi\/wp-json\/wp\/v2\/product\/1660","targetHints":{"allow":["GET"]}}],"collection":[{"href":"https:\/\/logokujundus.ee\/fi\/wp-json\/wp\/v2\/product"}],"about":[{"href":"https:\/\/logokujundus.ee\/fi\/wp-json\/wp\/v2\/types\/product"}],"wp:featuredmedia":[{"embeddable":true,"href":"https:\/\/logokujundus.ee\/fi\/wp-json\/wp\/v2\/media\/1132"}],"wp:attachment":[{"href":"https:\/\/logokujundus.ee\/fi\/wp-json\/wp\/v2\/media?parent=1660"}],"wp:term":[{"taxonomy":"product_brand","embeddable":true,"href":"https:\/\/logokujundus.ee\/fi\/wp-json\/wp\/v2\/product_brand?post=1660"},{"taxonomy":"product_cat","embeddable":true,"href":"https:\/\/logokujundus.ee\/fi\/wp-json\/wp\/v2\/product_cat?post=1660"},{"taxonomy":"product_tag","embeddable":true,"href":"https:\/\/logokujundus.ee\/fi\/wp-json\/wp\/v2\/product_tag?post=1660"}],"curies":[{"name":"wp","href":"https:\/\/api.w.org\/{rel}","templated":true}]}}