{"id":1169,"date":"2025-03-04T18:05:35","date_gmt":"2025-03-04T16:05:35","guid":{"rendered":"http:\/\/logokujundus.ee\/naudojimo-salygos\/"},"modified":"2025-03-05T17:10:06","modified_gmt":"2025-03-05T15:10:06","slug":"naudojimo-salygos","status":"publish","type":"page","link":"https:\/\/logokujundus.ee\/lt\/naudojimo-salygos\/","title":{"rendered":"Naudojimo s\u0105lygos"},"content":{"rendered":"\n<p>Lankydamiesi svetain\u0117je <a href=\"http:\/\/logokujundus.ee\/lt\/\">logokujundus.ee<\/a>, j\u016bs sutinkate laikytis \u0161iame dokumente i\u0161d\u0117styt\u0173 naudojimo s\u0105lyg\u0173. Jei nesutinkate su \u0161iomis naudojimo s\u0105lygomis, nedelsdami palikite svetain\u0119. \u0160ios svetain\u0117s med\u017eiaga yra saugoma preki\u0173 \u017eenkl\u0173 ir autori\u0173 teisi\u0173 \u012fstatym\u0173.  <\/p>\n\n<p>J\u016bs\u0173 prieiga prie Paslaugos ir naudojimasis ja taip pat priklauso nuo to, ar sutinkate su &#8220;Skald O\u00dc&#8221; privatumo politika ir jos laikot\u0117s. Privatumo politikoje apra\u0161oma m\u016bs\u0173 politika ir praktika, susijusi su j\u016bs\u0173 asmenin\u0117s informacijos rinkimu, naudojimu ir atskleidimu, kai naudojat\u0117s m\u016bs\u0173 programa arba svetaine. Tod\u0117l, prie\u0161 naudodamiesi m\u016bs\u0173 svetaine ar paslaugomis, atid\u017eiai perskaitykite <a href=\"http:\/\/logokujundus.ee\/lt\/privatumo-politika\/\">Privatumo politikos dokument\u0105<\/a>.  <\/p>\n\n<h2 class=\"wp-block-heading\">Slapukai<\/h2>\n\n<p>Kaip ir dauguma \u0161iuolaikini\u0173 svetaini\u0173, m\u016bs\u0173 svetain\u0117je naudojami slapukai. Slapukus naudojame tam, kad pagerintume tam tikr\u0173 puslapi\u0173 funkcionalum\u0105 ir kad lankytojams b\u016bt\u0173 lengviau ir patogiau naudotis m\u016bs\u0173 svetaine. Kai kurios m\u016bs\u0173 partneri\u0173 svetain\u0117s taip pat gali naudoti slapukus. Daugiau apie slapukus galite perskaityti m\u016bs\u0173 privatumo politikos dokumente.   <\/p>\n\n<h2 class=\"wp-block-heading\">Licencijos<\/h2>\n\n<p>Jei nenurodyta kitaip, &#8220;Skald O\u00dc&#8221; priklauso visos intelektin\u0117s nuosavyb\u0117s teis\u0117s, rodomos <a href=\"http:\/\/logokujundus.ee\/lt\/\">logokujundus.ee<\/a>. Visos teis\u0117s saugomos. <\/p>\n\n<p>Negalima:<\/p>\n\n<ul class=\"wp-block-list\">\n<li>skelbti <a href=\"http:\/\/logokujundus.ee\/lt\/\">logokujundus.ee<\/a> rodom\u0105 med\u017eiag\u0105 (tekst\u0105, paveiksl\u0117lius, vaizdo \u012fra\u0161us ir kt.) kitur.<\/li>\n\n\n\n<li>parduoti, nuomoti ar licencijuoti \u0161i\u0105 med\u017eiag\u0105.<\/li>\n\n\n\n<li>Nukopijuokite puslapio turin\u012f.<\/li>\n\n\n\n<li>Platinti svetain\u0117s <a href=\"http:\/\/logokujundus.ee\/lt\/\">logokujundus.ee<\/a> puslapi\u0173 turin\u012f.<\/li>\n<\/ul>\n\n<p>\u0160i sutartis galioja nuo 2025 03 04.<\/p>\n\n<p>Kai kuriuose \u0161ios svetain\u0117s puslapiuose naudotojams gali b\u016bti suteikta galimyb\u0117 komentuoti ir keistis nuomon\u0117mis \/ informacija. \u0160ie komentarai neatspindi &#8220;Skald Ltd&#8221;, jos atstov\u0173 ir (arba) filial\u0173 po\u017ei\u016brio ir nuomon\u0117s. Komentarai atspindi juos paskelbusi\u0173 asmen\u0173 po\u017ei\u016br\u012f ir nuomon\u0119. Skald O\u00dc neatsako u\u017e svetain\u0117je pateikiam\u0173 komentar\u0173 turin\u012f ar d\u0117l j\u0173 atsiradusi\u0105 materialin\u0119 ar moralin\u0119 \u017eal\u0105.   <\/p>\n\n<p>&#8220;Skald O\u00dc&#8221; pasilieka teis\u0119 steb\u0117ti visus komentarus ir \u0161alinti tuos, kurie, jos nuomone, yra netinkami, \u012f\u017eeid\u017eiantys arba pa\u017eeid\u017eia s\u0105lygas.<\/p>\n\n<p>Apsilankydami:<\/p>\n\n<ul class=\"wp-block-list\">\n<li>Turite teis\u0119 ra\u0161yti komentarus m\u016bs\u0173 svetain\u0117je;<\/li>\n\n\n\n<li>Patvirtinate, kad j\u016bs\u0173 skelbiami komentarai nepa\u017eeid\u017eia joki\u0173 tre\u010diosios \u0161alies intelektin\u0117s nuosavyb\u0117s teisi\u0173, autori\u0173 teisi\u0173, patent\u0173 ar preki\u0173 \u017eenkl\u0173;<\/li>\n\n\n\n<li>Patvirtinate, kad j\u016bs\u0173 komentaruose n\u0117ra \u0161mei\u017eiki\u0161kos, \u012f\u017eeid\u017eian\u010dios, u\u017egaulios, netinkamos ar kitaip neteis\u0117tos med\u017eiagos;<\/li>\n\n\n\n<li>Sutinkate, kad nesinaudosite teise ra\u0161yti komentarus siekdami pra\u0161yti ar reklamuoti komercin\u0119 ar neteis\u0117t\u0105 veikl\u0105.<\/li>\n<\/ul>\n\n<p>J\u016bs suteikiate &#8220;Skald O\u00dc&#8221; i\u0161imtin\u0119 licencij\u0105 naudoti, atkurti, redaguoti ir leisti kitiems naudoti, atkurti ir redaguoti j\u016bs\u0173 komentarus bet kokia forma, formatu ar laikmena.<\/p>\n\n<h2 class=\"wp-block-heading\">\u012esipareigojim\u0173 atsisakymas<\/h2>\n\n<p>Negarantuojame, kad \u0161ioje svetain\u0117je pateikta informacija yra teisinga, i\u0161sami ar tiksli. Taip pat negarantuojame, kad svetain\u0117 visada bus prieinama arba kad joje esanti informacija bus nuolat atnaujinama. <\/p>\n\n<p>Jei svetain\u0117je teikiama informacija ir (arba) paslaugos yra nemokamos, mes neatsakome u\u017e jokius nuostolius ar \u017eal\u0105.<\/p>\n\n<h2 class=\"wp-block-heading\">Gin\u010d\u0173 sprendimas<\/h2>\n\n<p>Jei turite koki\u0173 nors abejoni\u0173 ar gin\u010d\u0173 d\u0117l Paslaugos, sutinkate pirmiausia bandyti i\u0161spr\u0119sti gin\u010d\u0105 neoficialiai kreipdamiesi \u012f &#8220;Skald O\u00dc&#8221;.<\/p>\n\n<h2 class=\"wp-block-heading\">Apribojimai<\/h2>\n\n<p>Nei &#8220;Skald O\u00dc&#8221;, nei jos tiek\u0117jai neteikia joki\u0173 parei\u0161kim\u0173 d\u0117l &#8220;Skald O\u00dc&#8221; interneto svetain\u0117je esan\u010dios med\u017eiagos naudojimo ar negal\u0117jimo ja naudotis. Net jei &#8220;Skald O\u00dc&#8221; ar jos \u012fgaliotam atstovui \u017eod\u017eiu ar ra\u0161tu buvo prane\u0161ta apie tokios \u017ealos galimyb\u0119. <\/p>\n\n<h2 class=\"wp-block-heading\">Pakeitimai ir klaidos<\/h2>\n\n<p>&#8220;Skald O\u00dc&#8221; svetain\u0117je gali b\u016bti \u012fvairi\u0173 klaid\u0173. Mes neatsakome u\u017e svetain\u0117je pateiktos informacijos tikslum\u0105, i\u0161samum\u0105 ar tinkamum\u0105. Svetain\u0117je esan\u010di\u0105 informacij\u0105 galime bet kada pakeisti arba i\u0161trinti be i\u0161ankstinio \u012fsp\u0117jimo. Skald O\u00dc ne\u012fsipareigoja nuolat atnaujinti svetain\u0117je pateikiamos informacijos.   <\/p>\n\n<h2 class=\"wp-block-heading\">Nuorodos \u012f kitas svetaines<\/h2>\n\n<p>M\u016bs\u0173 paslaugoje gali b\u016bti nuorod\u0173 \u012f tre\u010di\u0173j\u0173 \u0161ali\u0173 svetaines ar paslaugas. Mes nekontroliuojame ir neatsakome u\u017e toki\u0173 svetaini\u0173 paslaugas, turin\u012f ar privatumo politik\u0105. Taip pat pripa\u017e\u012fstate ir sutinkate, kad &#8220;Skald LLC&#8221; n\u0117ra tiesiogiai ar netiesiogiai atsakinga u\u017e bet kokius nuostolius ar \u017eal\u0105, kurie gali atsirasti jums naudojantis tre\u010di\u0173j\u0173 \u0161ali\u0173 svetain\u0117mis.  <\/p>\n\n<p>Primygtinai rekomenduojame perskaityti vis\u0173 tre\u010di\u0173j\u0173 \u0161ali\u0173 svetaini\u0173, kuriose lankot\u0117s, paslaug\u0173 teikimo s\u0105lygas ir privatumo politik\u0105.<\/p>\n\n<h2 class=\"wp-block-heading\">Nuorod\u0173 pa\u0161alinimas i\u0161 m\u016bs\u0173 svetain\u0117s<\/h2>\n\n<p>Jei m\u016bs\u0173 svetain\u0117je radote netinkam\u0105 nuorod\u0105, galite susisiekti su mumis ir prane\u0161ti mums apie tai. Apsvarstysime pra\u0161ymus pa\u0161alinti nuorodas ir atsakysime \u012f juos per 5 darbo dienas, ta\u010diau nesame \u012fpareigoti pa\u0161alinti nuorod\u0173. <\/p>\n\n<p>Nors stengiam\u0117s u\u017etikrinti, kad m\u016bs\u0173 svetain\u0117je pateikta informacija b\u016bt\u0173 teisinga, negalime garantuoti jos i\u0161samumo ar tikslumo, taip pat neprivalome u\u017etikrinti, kad svetain\u0117 b\u016bt\u0173 prieinama ar kad joje esanti med\u017eiaga b\u016bt\u0173 atnaujinta.<\/p>\n\n<h2 class=\"wp-block-heading\">Nuostat\u0173 atskyrimas<\/h2>\n\n<p>Jei kuri nors \u0161i\u0173 Paslaug\u0173 teikimo s\u0105lyg\u0173 nuostata bus pripa\u017einta negaliojan\u010dia, ta nuostata bus pakeista taip, kad ji b\u016bt\u0173 kuo veiksmingesn\u0117 ir atitikt\u0173 \u012fstatymus. Visos kitos \u0161i\u0173 Paslaug\u0173 teikimo s\u0105lyg\u0173 nuostatos lieka galioti. <\/p>\n\n<h2 class=\"wp-block-heading\">Teisi\u0173 atsisakymas<\/h2>\n\n<p>Jei \u0161iame dokumente nenurodyta kitaip, nepasinaudojimas bet kuria \u010dia nurodyta teise nerei\u0161kia, kad ta pa\u010dia teise nebus galima pasinaudoti v\u0117liau.<\/p>\n\n<h2 class=\"wp-block-heading\">Naudojimo s\u0105lyg\u0173 pakeitimai<\/h2>\n\n<p>Pasiliekame teis\u0119 bet kuriuo metu savo nuo\u017ei\u016bra keisti \u0161ias S\u0105lygas. Jei pakeitimas yra esminis, d\u0117sime visas pastangas, kad apie tai jus \u012fsp\u0117tume ne v\u0117liau kaip prie\u0161 30 dien\u0173 iki jo \u012fsigaliojimo. Kas laikytina esminiu pakeitimu, nustatysime savo nuo\u017ei\u016bra.  <\/p>\n\n<p>Toliau naudodamiesi m\u016bs\u0173 paslaugomis po \u0161i\u0173 pakeitim\u0173 \u012fsigaliojimo datos, sutinkate laikytis pakeist\u0173 s\u0105lyg\u0173. Jei nesutinkate su visomis naujomis s\u0105lygomis ar j\u0173 dalimi, nustokite naudotis m\u016bs\u0173 svetaine ir paslaugomis. <\/p>\n\n<h2 class=\"wp-block-heading\">Sustabdyti prieig\u0105<\/h2>\n\n<p>Jei pa\u017eeisite bet kuri\u0105 i\u0161 \u0161iame dokumente i\u0161d\u0117styt\u0173 s\u0105lyg\u0173, galime nedelsdami sustabdyti j\u016bs\u0173 prieig\u0105 prie m\u016bs\u0173 svetain\u0117s ir paslaug\u0173. Tokiu atveju mes neprivalome jums apie tai prane\u0161ti. Sustabd\u017eius prieig\u0105, i\u0161 karto neteksite teis\u0117s naudotis m\u016bs\u0173 paslaugomis.  <\/p>\n\n<h2 class=\"wp-block-heading\">J\u016bs\u0173 privatumas<\/h2>\n\n<p>Nor\u0117dami su\u017einoti apie nuostatas, susijusias su j\u016bs\u0173 privatumu, \u017er. m\u016bs\u0173 <a href=\"http:\/\/logokujundus.ee\/lt\/privatumo-politika\/\">privatumo politik\u0105<\/a>.<\/p>\n\n<h2 class=\"wp-block-heading\">Taikytina teis\u0117<\/h2>\n\n<p>Visus reikalavimus, susijusius su &#8220;Skald O\u00dc&#8221; svetaine, reglamentuoja Estijos Respublikos \u012fstatymai.<\/p>\n\n<h2 class=\"wp-block-heading\">Susisiekite su<\/h2>\n\n<p>Jei turite klausim\u0173, susisiekite su mumis el. pa\u0161tu ahhoi@skald.ee arba telefonu +37251930090.<\/p>\n\n<p>&#8220;Skald O\u00dc&#8221; pasilieka teis\u0119 prireikus keisti svetain\u0117s naudojimo s\u0105lygas.<\/p>\n\n<p>Paskutin\u012f kart\u0105 keista 04\/03\/2025<\/p>\n\n<p><\/p>\n","protected":false},"excerpt":{"rendered":"<p>Lankydamiesi svetain\u0117je logokujundus.ee, j\u016bs sutinkate laikytis \u0161iame dokumente i\u0161d\u0117styt\u0173 naudojimo s\u0105lyg\u0173. Jei nesutinkate su \u0161iomis naudojimo s\u0105lygomis, nedelsdami palikite svetain\u0119. \u0160ios svetain\u0117s med\u017eiaga yra saugoma preki\u0173 \u017eenkl\u0173 ir autori\u0173 teisi\u0173 \u012fstatym\u0173. J\u016bs\u0173 prieiga prie Paslaugos ir naudojimasis ja taip pat priklauso nuo to, ar sutinkate su &#8220;Skald O\u00dc&#8221; privatumo politika ir jos laikot\u0117s. Privatumo politikoje [&hellip;]<\/p>\n","protected":false},"author":1,"featured_media":0,"parent":0,"menu_order":0,"comment_status":"closed","ping_status":"closed","template":"","meta":{"footnotes":""},"class_list":["post-1169","page","type-page","status-publish","hentry"],"jetpack_sharing_enabled":true,"_links":{"self":[{"href":"https:\/\/logokujundus.ee\/lt\/wp-json\/wp\/v2\/pages\/1169","targetHints":{"allow":["GET"]}}],"collection":[{"href":"https:\/\/logokujundus.ee\/lt\/wp-json\/wp\/v2\/pages"}],"about":[{"href":"https:\/\/logokujundus.ee\/lt\/wp-json\/wp\/v2\/types\/page"}],"author":[{"embeddable":true,"href":"https:\/\/logokujundus.ee\/lt\/wp-json\/wp\/v2\/users\/1"}],"replies":[{"embeddable":true,"href":"https:\/\/logokujundus.ee\/lt\/wp-json\/wp\/v2\/comments?post=1169"}],"version-history":[{"count":1,"href":"https:\/\/logokujundus.ee\/lt\/wp-json\/wp\/v2\/pages\/1169\/revisions"}],"predecessor-version":[{"id":1171,"href":"https:\/\/logokujundus.ee\/lt\/wp-json\/wp\/v2\/pages\/1169\/revisions\/1171"}],"wp:attachment":[{"href":"https:\/\/logokujundus.ee\/lt\/wp-json\/wp\/v2\/media?parent=1169"}],"curies":[{"name":"wp","href":"https:\/\/api.w.org\/{rel}","templated":true}]}}