{"id":1178,"date":"2025-03-04T18:06:27","date_gmt":"2025-03-04T16:06:27","guid":{"rendered":"http:\/\/logokujundus.ee\/pardavimo-salygos\/"},"modified":"2025-03-21T20:19:36","modified_gmt":"2025-03-21T18:19:36","slug":"pardavimo-salygos","status":"publish","type":"page","link":"https:\/\/logokujundus.ee\/lt\/pardavimo-salygos\/","title":{"rendered":"Pardavimo s\u0105lygos"},"content":{"rendered":"\n<p>Internetin\u0117s parduotuv\u0117s logokujundus.ee (toliau &#8211; Internetin\u0117 parduotuv\u0117) savininkas yra Skald O\u00dc (registracijos kodas 16335659).<\/p>\n\n<h2 class=\"wp-block-heading\">Pirkimo-pardavimo sutarties galiojimas, informacija apie paslaugas ir kainas<\/h2>\n\n<p>Pirkimo s\u0105lygos taikomos perkant paslaugas i\u0161 internetin\u0117s parduotuv\u0117s.<\/p>\n\n<p>Internetin\u0117je parduotuv\u0117je parduodam\u0173 paslaug\u0173 kainos nurodytos prie paslaug\u0173. Visos internetin\u0117je parduotuv\u0117je parduodam\u0173 preki\u0173 kainos nurodytos eurais.   <\/p>\n\n<p>Informacija apie paslaug\u0105 pateikiama internetin\u0117je parduotuv\u0117je, esan\u010dioje \u0161alia paslaugos.<\/p>\n\n<h2 class=\"wp-block-heading\">Paslaug\u0173 teikimas<\/h2>\n\n<p>Teikiame paslaugas klientams visame pasaulyje.  <\/p>\n\n<p>U\u017esakyt\u0173 k\u016brybini\u0173 paslaug\u0173 rezultatai klientui bus i\u0161si\u0173sti el. pa\u0161tu per 2-7 darbo dienas nuo pirkimo-pardavimo sutarties sudarymo dienos.<\/p>\n\n<p>Tam tikrais atvejais paslaugos suteikimo terminas gali b\u016bti prat\u0119stas:<\/p>\n\n<ul class=\"wp-block-list\">\n<li>D\u0117l labai didelio u\u017esakym\u0173 skai\u010diaus<\/li>\n\n\n\n<li>D\u0117l pla\u010diai paplitusi\u0173 elektros energijos ir (arba) ry\u0161i\u0173 paslaug\u0173 sutrikim\u0173<\/li>\n\n\n\n<li>D\u0117l \u012fmon\u0117s atostog\u0173<\/li>\n\n\n\n<li>D\u0117l kit\u0173 nenumatyt\u0173 prie\u017eas\u010di\u0173, kuri\u0173 bendrov\u0117 negali kontroliuoti.<\/li>\n<\/ul>\n\n<p>Jei v\u0117luojama suteikti paslaug\u0105 ir jei darbai dar neprad\u0117ti, klientas turi teis\u0119 nutraukti prenumerat\u0105 ir susigr\u0105\u017einti pinigus.<\/p>\n\n<p>Jei paslaugos teikimas v\u0117luoja ilgiau nei 30 dien\u0173 (\u012fskaitant atvejus, kai darbai jau prad\u0117ti), klientas taip pat turi teis\u0119 nutraukti prenumerat\u0105 ir susigr\u0105\u017einti pinigus. \u0160i s\u0105lyga netaikoma, jei u\u017esakymas v\u0117luoja d\u0117l kliento kalt\u0117s, pvz. gr\u012f\u017etamojo ry\u0161io atid\u0117jimas ir nekontakti\u0161kumas.    <\/p>\n\n<h2 class=\"wp-block-heading\">Teis\u0117 atsisakyti sutarties ir garantija<\/h2>\n\n<h3 class=\"wp-block-heading\">Teis\u0117 atsisakyti sutarties<\/h3>\n\n<p>Pagal <a href=\"https:\/\/www.riigiteataja.ee\/akt\/961235?leiaKehtiv\" target=\"_blank\" rel=\"noreferrer noopener\">Prievoli\u0173 teis\u0117s \u012fstatymo<\/a> 53 straipsnio 4 dalyje i\u0161vardytas s\u0105lygas 14 dien\u0173 teis\u0117 atsisakyti sutarties netaikoma internetin\u0117je parduotuv\u0117je si\u016blomoms paslaugoms, jei prekiautojas visi\u0161kai \u012fvykd\u0117 savo \u012fsipareigojimus pagal sutart\u012f ir vartotojas moka prekiautojui mokest\u012f, tik tuo atveju, jei paslauga prad\u0117ta teikti ar kitaip vykdyti su ai\u0161kiu i\u0161ankstiniu vartotojo sutikimu ir remiantis vartotojo patvirtinimu, kad jis \u017eino, jog prekiautojas praranda teis\u0119 atsisakyti sutarties, jei sutartis visi\u0161kai \u012fvykdoma.<\/p>\n\n<h3 class=\"wp-block-heading\">Garantija<\/h3>\n\n<p>Pagal Europos S\u0105jungos teis\u0119 skaitmeniniam turiniui ir paslaugoms taip pat taikoma dvej\u0173 met\u0173 garantija, jei paai\u0161k\u0117ja, kad skaitmeninis turinys ar paslauga yra su tr\u016bkumais arba neatitinka reklamoje pateikt\u0173 duomen\u0173. Atvejai, kuriems taikoma garantija: <\/p>\n\n<ul class=\"wp-block-list\">\n<li>I\u0161 prad\u017ei\u0173 atsi\u0173sti failai yra sugadinti arba netinkamo formato.<\/li>\n\n\n\n<li>Failuose yra netinkamas spalv\u0173 profilis<\/li>\n\n\n\n<li>Tekstas vektorin\u0117je grafikoje rodomas neteisingu \u0161rifto tipu<\/li>\n\n\n\n<li>\u012etariama, kad logotipas yra plagiatas<\/li>\n<\/ul>\n\n<p>Kiekvien\u0105 pretenzij\u0105 nagrin\u0117jame individualiai ir i\u0161taisome, kaip geriausiai galime ir sugebame. \u012etariamo plagijavimo atveju kaltintojas privalo \u012frodyti, kad tai buvo ty\u010dinis plagijavimas. <\/p>\n\n<h2 class=\"wp-block-heading\">Tiesiogin\u0117 rinkodara ir asmens duomen\u0173 tvarkymas<\/h2>\n\n<p>Internetin\u0117 parduotuv\u0117 pirk\u0117jo pateiktus asmens duomenis naudos tik u\u017esakymui apdoroti.<\/p>\n\n<p>Internetin\u0117 parduotuv\u0117 siun\u010dia naujienlai\u0161kius ir pasi\u016blymus pirk\u0117jo el. pa\u0161to adresu tik tuo atveju, jei pirk\u0117jas i\u0161rei\u0161k\u0117 pageidavim\u0105 juos gauti \u012fvesdamas savo el. pa\u0161to adres\u0105 svetain\u0117je ir nurod\u0117 nor\u012fs gauti tiesioginio pa\u0161to prane\u0161imus.<\/p>\n\n<p>Pirk\u0117jas gali bet kada atsisakyti gauti pasi\u016blymus ir naujienlai\u0161kius el. pa\u0161tu, apie tai prane\u0161damas mums el. pa\u0161tu arba vykdydamas el. lai\u0161ke, kuriame pateikiami pasi\u016blymai, pateiktus nurodymus.<\/p>\n\n<h2 class=\"wp-block-heading\">Gin\u010d\u0173 sprendimas<\/h2>\n\n<p>Jei pirk\u0117jas turi koki\u0173 nors nusiskundim\u0173 d\u0117l internetin\u0117s parduotuv\u0117s, jie tur\u0117t\u0173 b\u016bti siun\u010diami el. pa\u0161tu ahhoi@skald.ee arba telefonu +37251930090.<\/p>\n\n<p>Jei pirk\u0117jui ir internetinei parduotuvei nepavyksta i\u0161spr\u0119sti gin\u010do susitarimu, pirk\u0117jas gali kreiptis \u012f Vartotoj\u0173 gin\u010d\u0173 komisij\u0105. Su proced\u016bros s\u0105lygomis galite susipa\u017einti ir pateikti parai\u0161k\u0105 <a href=\"https:\/\/komisjon.ee\/et\/avalduse-esitamine\" target=\"_blank\" rel=\"noreferrer noopener\">\u010dia.<\/a> Vartotoj\u0173 gin\u010d\u0173 komisija yra kompetentinga spr\u0119sti gin\u010dus, kylan\u010dius i\u0161 sutarties, sudarytos tarp pirk\u0117jo ir internetin\u0117s parduotuv\u0117s. Komisijai nereikia mok\u0117ti u\u017e pirk\u0117jo skundo nagrin\u0117jim\u0105.   <\/p>\n\n<p>Pirk\u0117jas gali kreiptis \u012f Europos S\u0105jungos vartotoj\u0173 gin\u010d\u0173 sprendimo platform\u0105 <a href=\"https:\/\/ec.europa.eu\/consumers\/odr\/main\/index.cfm?event=main.home2.show&amp;lng=ET\" target=\"_blank\" rel=\"noreferrer noopener\">.<\/a><\/p>\n\n<p>Paskutin\u012f kart\u0105 keista 04\/03\/2025<\/p>\n","protected":false},"excerpt":{"rendered":"<p>Internetin\u0117s parduotuv\u0117s logokujundus.ee (toliau &#8211; Internetin\u0117 parduotuv\u0117) savininkas yra Skald O\u00dc (registracijos kodas 16335659). Pirkimo-pardavimo sutarties galiojimas, informacija apie paslaugas ir kainas Pirkimo s\u0105lygos taikomos perkant paslaugas i\u0161 internetin\u0117s parduotuv\u0117s. Internetin\u0117je parduotuv\u0117je parduodam\u0173 paslaug\u0173 kainos nurodytos prie paslaug\u0173. Visos internetin\u0117je parduotuv\u0117je parduodam\u0173 preki\u0173 kainos nurodytos eurais. Informacija apie paslaug\u0105 pateikiama internetin\u0117je parduotuv\u0117je, esan\u010dioje \u0161alia paslaugos. [&hellip;]<\/p>\n","protected":false},"author":1,"featured_media":0,"parent":0,"menu_order":0,"comment_status":"closed","ping_status":"closed","template":"","meta":{"footnotes":""},"class_list":["post-1178","page","type-page","status-publish","hentry"],"jetpack_sharing_enabled":true,"_links":{"self":[{"href":"https:\/\/logokujundus.ee\/lt\/wp-json\/wp\/v2\/pages\/1178","targetHints":{"allow":["GET"]}}],"collection":[{"href":"https:\/\/logokujundus.ee\/lt\/wp-json\/wp\/v2\/pages"}],"about":[{"href":"https:\/\/logokujundus.ee\/lt\/wp-json\/wp\/v2\/types\/page"}],"author":[{"embeddable":true,"href":"https:\/\/logokujundus.ee\/lt\/wp-json\/wp\/v2\/users\/1"}],"replies":[{"embeddable":true,"href":"https:\/\/logokujundus.ee\/lt\/wp-json\/wp\/v2\/comments?post=1178"}],"version-history":[{"count":2,"href":"https:\/\/logokujundus.ee\/lt\/wp-json\/wp\/v2\/pages\/1178\/revisions"}],"predecessor-version":[{"id":2184,"href":"https:\/\/logokujundus.ee\/lt\/wp-json\/wp\/v2\/pages\/1178\/revisions\/2184"}],"wp:attachment":[{"href":"https:\/\/logokujundus.ee\/lt\/wp-json\/wp\/v2\/media?parent=1178"}],"curies":[{"name":"wp","href":"https:\/\/api.w.org\/{rel}","templated":true}]}}