{"id":1181,"date":"2025-03-04T18:06:17","date_gmt":"2025-03-04T16:06:17","guid":{"rendered":"http:\/\/logokujundus.ee\/privatumo-politika\/"},"modified":"2025-03-05T17:10:07","modified_gmt":"2025-03-05T15:10:07","slug":"privatumo-politika","status":"publish","type":"page","link":"https:\/\/logokujundus.ee\/lt\/privatumo-politika\/","title":{"rendered":"Privatumo politika"},"content":{"rendered":"\n<p>&#8220;Skald O\u00dc&#8221; svarbus j\u016bs\u0173 privatumas, tod\u0117l laikom\u0117s vis\u0173 galiojan\u010di\u0173 \u012fstatym\u0173 ir taisykli\u0173, susijusi\u0173 su bet kokia asmenine informacija, kuri\u0105 galime surinkti apie jus, kai lankot\u0117s m\u016bs\u0173 svetain\u0117je <a href=\"http:\/\/logokujundus.ee\/lt\/\">logokujundus.ee.<\/a> Naudodamiesi m\u016bs\u0173 svetaine, j\u016bs sutinkate, kad mes renkame ir naudojame j\u016bs\u0173 informacij\u0105 pagal \u0161i\u0105 privatumo politik\u0105. <\/p>\n\n<p>\u0160ioje privatumo politikoje norime paai\u0161kinti, kokius duomenis renkame, kaip juos naudojame ir kokios yra j\u016bs\u0173 teis\u0117s apsaugoti savo duomenis. \u0160i politika taikoma tik m\u016bs\u0173 interneto svetainei ir jos lankytojams ir netaikoma kitais kanalais surinktiems duomenims. <\/p>\n\n<p>J\u016bs\u0173 duomen\u0173 valdytojas yra &#8220;Skald O\u00dc&#8221;<br\/>\u012fmon\u0117s reg. Nr.: 16335659<br\/>el. pa\u0161tas: ahhoi@skald.ee<br\/>telefono numeris: + 37251930090 <\/p>\n\n<p>Informacij\u0105 renkame ir tvarkome vadovaudamiesi ES Bendruoju duomen\u0173 apsaugos reglamentu (BDAR), kuris \u012fsigaliojo 2018 05 25.<\/p>\n\n<h2 class=\"wp-block-heading\">Duomen\u0173 rinkimas ir naudojimas<\/h2>\n\n<h3 class=\"wp-block-heading\">Kokius duomenis renkame<\/h3>\n\n<p>M\u016bs\u0173 renkama informacija apima informacij\u0105, kuri\u0105 s\u0105moningai ir aktyviai pateikiate mums naudodamiesi m\u016bs\u0173 paslaugomis arba dalyvaudami m\u016bs\u0173 paslaugose ar akcijose, taip pat bet koki\u0105 informacij\u0105, kuri\u0105 j\u016bs\u0173 \u012frenginiai siun\u010dia mums, kai naudojat\u0117s m\u016bs\u0173 produktais ir paslaugomis.<\/p>\n\n<p>M\u016bs\u0173 renkama informacija apima informacij\u0105, kuria s\u0105moningai pasidalijote su mumis naudodamiesi m\u016bs\u0173 paslaugomis ar reklaminiais pasi\u016blymais, ir informacij\u0105, kuri\u0105 j\u016bs\u0173 \u012frenginiai automati\u0161kai perduoda mums.<\/p>\n\n<p>J\u016bs\u0173 asmenin\u0117 informacija mus gali pasiekti \u0161iais b\u016bdais:<\/p>\n\n<ul class=\"wp-block-list\">\n<li>Kai pateikiate u\u017esakym\u0105 <a href=\"http:\/\/logokujundus.ee\/lt\/\">logokujundus.ee<\/a> el. parduotuv\u0117je<\/li>\n\n\n\n<li>Kai u\u017esiregistruojate kaip <a href=\"http:\/\/logokujundus.ee\/lt\/\">logokujundus.ee<\/a> el. parduotuv\u0117s naudotojas<\/li>\n\n\n\n<li>Kai su mumis susisiekiate telefonu, el. pa\u0161tu arba internetiniu pokalbiu.<\/li>\n\n\n\n<li>Jei perkate i\u0161simok\u0117tinai ir pasira\u0161ote i\u0161perkamosios nuomos sutart\u012f.<\/li>\n\n\n\n<li>Jei nar\u0161ote <a href=\"http:\/\/logokujundus.ee\/lt\/\">logokujundus.ee<\/a><\/li>\n\n\n\n<li>Jei pateikiate asmenin\u0119 informacij\u0105 apie kit\u0105 asmen\u012f, kuris gauna prekes.<\/li>\n\n\n\n<li>Jei mok\u0117jimus atliekate naudodami e. bank\u0105 ar kit\u0105 elektronin\u012f mok\u0117jimo b\u016bd\u0105.<\/li>\n\n\n\n<li>Jei komentuosite, patiksite ar bendrinsite bet kur\u012f m\u016bs\u0173 \u012fra\u0161\u0105 m\u016bs\u0173 socialin\u0117s \u017einiasklaidos paskyroje.<\/li>\n\n\n\n<li>Kai prisijungiate prie m\u016bs\u0173 naujienlai\u0161kio<\/li>\n\n\n\n<li>Jei komentuojate prane\u0161imus m\u016bs\u0173 svetain\u0117je.<\/li>\n<\/ul>\n\n<h3 class=\"wp-block-heading\">Rinktin\u0173 duomen\u0173 tipai<\/h3>\n\n<h4 class=\"wp-block-heading\">Asmens duomenys<\/h4>\n\n<p>Asmenin\u0117s informacijos pra\u0161ysime tik tuo atveju, jei ji bus b\u016btina norint suteikti jums paslaug\u0105. Susisiekdami su mumis arba lankydamiesi m\u016bs\u0173 svetain\u0117je, galite mums pateikti toliau nurodyt\u0105 informacij\u0105: <\/p>\n\n<ul class=\"wp-block-list\">\n<li>Vardas ir pavard\u0117<\/li>\n\n\n\n<li>El. pa\u0161to adresas<\/li>\n\n\n\n<li>Pa\u0161to adresas, \u0161alis, apskritis, miestas<\/li>\n\n\n\n<li>Telefono numeris<\/li>\n\n\n\n<li>J\u016bs\u0173 pirkim\u0173 istorija ir veikla m\u016bs\u0173 internetin\u0117je parduotuv\u0117je<\/li>\n\n\n\n<li>J\u016bs\u0173 ir m\u016bs\u0173 pokalbi\u0173 istorija<\/li>\n\n\n\n<li>Informacija apie j\u016bs\u0173 \u017einiatinklio nar\u0161ykl\u0119 ir IP adres\u0105.<\/li>\n<\/ul>\n\n<h4 class=\"wp-block-heading\">\u017durnalo failai<\/h4>\n\n<p>M\u016bs\u0173 svetain\u0117 <a href=\"http:\/\/logokujundus.ee\/lt\/\">logokujundus.ee<\/a> saugo \u017eurnalo failus apie savo lankytojus. Renkama informacija gali b\u016bti tokia: <\/p>\n\n<ul class=\"wp-block-list\">\n<li>Naudojamo prietaiso tipas<\/li>\n\n\n\n<li>Interneto protokolo (IP) adresas<\/li>\n\n\n\n<li>nar\u0161ykl\u0117s tipas<\/li>\n\n\n\n<li>Interneto paslaug\u0173 teik\u0117jas (IPT)<\/li>\n\n\n\n<li>J\u016bs\u0173 apsilankymo svetain\u0117je data ir laikas<\/li>\n\n\n\n<li>Paspaudim\u0173 skai\u010dius \u012f\u0117jimo ir i\u0161\u0117jimo i\u0161 svetain\u0117s puslapyje<\/li>\n<\/ul>\n\n<p>\u017durnalo failuose esanti informacija naudojama tendencijoms analizuoti, svetainei administruoti, svetain\u0117s lankytoj\u0173 veiklai steb\u0117ti ir demografinei informacijai rinkti. Gauta informacija n\u0117ra skirta ir n\u0117ra skirta asmeniui identifikuoti. <\/p>\n\n<h4 class=\"wp-block-heading\">Slapukai<\/h4>\n\n<p>Kaip ir dauguma svetaini\u0173, <a href=\"http:\/\/logokujundus.ee\/lt\/\">logokujundus.ee<\/a> naudoja &#8220;slapukus&#8221;. Slapukas i\u0161 esm\u0117s yra tekstinis failas, kuris saugomas naudotojo \u012frenginyje, kai jis lankosi svetain\u0117je. Slapukai naudojami nustatant ir i\u0161saugant nuostatas, regioninius nustatymus, paslaug\u0173 naudojimo parinktis ir pan.  <\/p>\n\n<p>Jei norite, galite i\u0161jungti slapuk\u0173 naudojim\u0105 savo nar\u0161ykl\u0117s nustatymuose, ta\u010diau tokiu atveju gali sutrikti gaunamos paslaugos teikimas.<\/p>\n\n<p>Slapukai skirstomi \u012f nuolatinius ir sesijos slapukus. Nuolatiniai slapukai lieka j\u016bs\u0173 kompiuteryje arba mobiliajame \u012frenginyje net ir tada, kai u\u017edarote nar\u0161ykl\u0119 arba kompiuter\u012f. Kita vertus, sesijos slapukai i\u0161trinami, kai tik u\u017edarote nar\u0161ykl\u0119.  <\/p>\n\n<p>Slapukai skirstomi pagal j\u0173 paskirt\u012f:<\/p>\n\n<p><strong>B\u016btini slapukai.<\/strong>  sesijos slapukai, kuri\u0173 tikslas &#8211; suteikti jums galimyb\u0119 naudotis m\u016bs\u0173 svetain\u0117je si\u016blomomis paslaugomis. \u0160ie slapukai padeda nustatyti naudotoj\u0173 autenti\u0161kum\u0105 ir u\u017ekirsti keli\u0105 piktavali\u0161kam naudotoj\u0173 paskyr\u0173 naudojimui. Be \u0161i\u0173 slapuk\u0173 negal\u0117sime jums teikti j\u016bs\u0173 pra\u0161om\u0173 paslaug\u0173.  <\/p>\n\n<p><strong>Prane\u0161im\u0173 slapukai.<\/strong>  \u0160iais slapukais nustatoma, ar naudotojai sutiko, kad svetain\u0117je b\u016bt\u0173 naudojami slapukai.<\/p>\n\n<p><strong>Funkciniai slapukai.<\/strong>  \u0160ie slapukai leid\u017eia nar\u0161yklei \u012fsiminti j\u016bs\u0173 pasirinkimus, kuriuos darote naudodamiesi svetaine, pavyzd\u017eiui, i\u0161saugoti j\u016bs\u0173 prisijungimo duomenis arba kalbos nuostatas. \u0160i\u0173 slapuk\u0173 paskirtis &#8211; suteikti jums labiau individualizuot\u0105 patirt\u012f ir neleisti jums i\u0161 naujo \u012fvesti savo nuostat\u0173. <\/p>\n\n<h3 class=\"wp-block-heading\">Kaip naudojame duomenis<\/h3>\n\n<p>Surinkt\u0105 informacij\u0105 galime naudoti \u012fvairiais tikslais, \u012fskaitant:<\/p>\n\n<ul class=\"wp-block-list\">\n<li>pri\u017ei\u016br\u0117ti, valdyti, tobulinti, pritaikyti ir pl\u0117sti m\u016bs\u0173 svetain\u0119.<\/li>\n\n\n\n<li>Rinkti statistinius duomenis, kad gal\u0117tume teikti geresnes paslaugas ir (arba) pasi\u016blymus, suprasti ir analizuoti m\u016bs\u0173 svetain\u0117s lankytoj\u0173 elgsen\u0105.<\/li>\n\n\n\n<li>identifikuoti jus telefonu, \u017einute ar el. pa\u0161tu.<\/li>\n\n\n\n<li>si\u0173sti jums informacij\u0105 ir pra\u0161yti atsiliepim\u0173 apie m\u016bs\u0173 paslaugas.<\/li>\n\n\n\n<li>siekiant u\u017ekirsti keli\u0105 suk\u010diavimui ir apsaugoti m\u016bs\u0173 svetain\u0119<\/li>\n\n\n\n<li>Kad gal\u0117tume palaikyti ry\u0161\u012f su jumis per j\u016bs\u0173 socialin\u0117s \u017einiasklaidos paskyr\u0105.<\/li>\n\n\n\n<li>leisti skaityti pokalbi\u0173 istorij\u0105, kad b\u016bt\u0173 galima grei\u010diau suteikti reikiam\u0105 patarim\u0105.<\/li>\n\n\n\n<li>Siekdami gerinti savo paslaug\u0173 kokyb\u0119 ir teikti veiksmingesnius nar\u0161ymo sprendimus.<\/li>\n\n\n\n<li>kurti naujus produktus, paslaugas ar tobulinti j\u0173 funkcionalum\u0105.<\/li>\n\n\n\n<li>Siuntimui ir (arba) pristatymui, u\u017esakymo apdorojimui, s\u0105skaitos fakt\u016bros i\u0161ra\u0161ymui, u\u017esakymui per banko nuorod\u0105 ir u\u017esakymo patvirtinimui arba pinig\u0173 gr\u0105\u017einimui.<\/li>\n\n\n\n<li>si\u016blyti jums produktus ir paslaugas, kurie gali jus sudominti, atsi\u017evelgiant \u012f j\u016bs\u0173 ankstesnius u\u017esakymus.<\/li>\n\n\n\n<li>supaprastinti ir pagreitinti m\u016bs\u0173 tarpusavio s\u0105veik\u0105, kai su mumis susisiekiate.<\/li>\n\n\n\n<li>Kitais tikslais. Pavyzd\u017eiui, analizuoti duomenis, tirti tendencijas, vertinti m\u016bs\u0173 reklamos kampanij\u0173 veiksmingum\u0105. <\/li>\n<\/ul>\n\n<h3 class=\"wp-block-heading\">Kokiais atvejais galime dalytis j\u016bs\u0173 duomenimis su.<\/h3>\n\n<ul class=\"wp-block-list\">\n<li>Galime dalytis j\u016bs\u0173 asmenine informacija arba j\u0105 perduoti d\u0117l nuosavyb\u0117s pasikeitimo, susijungimo, turto pardavimo, finansavimo ar m\u016bs\u0173 verslo \u012fsigijimo. Mes jums prane\u0161ime, kai perduosime j\u016bs\u0173 asmenin\u0119 informacij\u0105 ir kai jai bus taikomos kitos privatumo politikos nuostatos. <\/li>\n\n\n\n<li>Galime dalytis j\u016bs\u0173 informacija su savo partneriais, reikalaudami, kad jie laikyt\u0173si \u0161ios privatumo politikos. Partneriai &#8211; tai m\u016bs\u0173 patronuojan\u010diosios \u012fmon\u0117s, dukterin\u0117s \u012fmon\u0117s, bendros \u012fmon\u0117s partneriai arba mums priklausan\u010dios \u012fmon\u0117s. <\/li>\n\n\n\n<li>Galime dalytis j\u016bs\u0173 informacija su savo verslo partneriais, kad gal\u0117tume jums pasi\u016blyti tam tikr\u0173 produkt\u0173, paslaug\u0173 ar akcij\u0173.<\/li>\n\n\n\n<li>Gav\u0119 j\u016bs\u0173 sutikim\u0105 galime atskleisti j\u016bs\u0173 asmenin\u0119 informacij\u0105 bet kuriuo kitu tikslu.<\/li>\n\n\n\n<li>Esame \u012fpareigoti atskleisti j\u016bs\u0173 asmens duomenis, jei to reikalauja \u012fstatymai. J\u016bs\u0173 informacij\u0105 taip pat galime atskleisti s\u0105\u017einingai vykdydami teisinius \u012fsipareigojimus, siekdami apsaugoti savo teises ar nuosavyb\u0119, u\u017ekirsti keli\u0105 galimiems teis\u0117s pa\u017eeidimams, susijusiems su j\u016bs\u0173 naudojimusi m\u016bs\u0173 paslauga, arba juos nustatyti, taip pat siekdami u\u017etikrinti m\u016bs\u0173 paslaugos naudotoj\u0173 saugum\u0105. <\/li>\n<\/ul>\n\n<h3 class=\"wp-block-heading\">J\u016bs\u0173 asmens duomen\u0173 saugojimas<\/h3>\n\n<p>Bendrov\u0117 saugos j\u016bs\u0173 asmens duomenis tik tiek laiko, kiek tai bus b\u016btina \u0161ioje privatumo politikoje nurodytiems tikslams pasiekti. J\u016bs\u0173 asmenin\u0119 informacij\u0105 saugosime ir naudosime tiek, kiek tai b\u016btina m\u016bs\u0173 teisiniams \u012fsipareigojimams vykdyti (pavyzd\u017eiui, jei turime saugoti j\u016bs\u0173 informacij\u0105, kad laikytum\u0117m\u0117s galiojan\u010di\u0173 \u012fstatym\u0173), gin\u010dams spr\u0119sti ir m\u016bs\u0173 teisiniams susitarimams bei taisykl\u0117ms \u012fgyvendinti. <\/p>\n\n<p>Bendrov\u0117 taip pat saugo \u017eurnalo failus vidinei analizei. \u017durnal\u0173 failai paprastai saugomi trumpesn\u012f laik\u0105, i\u0161skyrus atvejus, kai duomenys naudojami saugumui didinti ar m\u016bs\u0173 paslaugos funkcionalumui gerinti arba kai pagal \u012fstatymus privalome saugoti duomenis ilgesn\u012f laik\u0105. <\/p>\n\n<h3 class=\"wp-block-heading\">Vaik\u0173 duomen\u0173 tvarkymas<\/h3>\n\n<p>N\u0117 vienas i\u0161 m\u016bs\u0173 produkt\u0173 ar paslaug\u0173 n\u0117ra skirtas jaunesniems nei 13 met\u0173 vaikams ir mes s\u0105moningai nerenkame informacijos i\u0161 jaunesni\u0173 nei 13 met\u0173 vaik\u0173. Kilus \u012ftarimui, kad tvarkome informacij\u0105 apie jaunesn\u012f nei 13 met\u0173 asmen\u012f, pa\u0161alinsime t\u0105 asmen\u012f i\u0161 vis\u0173 savo duomen\u0173 bazi\u0173. <\/p>\n\n<h2 class=\"wp-block-heading\">J\u016bs\u0173 teis\u0117s apsaugoti savo duomenis<\/h2>\n\n<p>Visada turite teis\u0119 nesidalyti su mumis savo informacija, \u017einodami, kad tai gali tur\u0117ti \u012ftakos j\u016bs\u0173 naudojimosi m\u016bs\u0173 svetaine patir\u010diai. Jei nuspr\u0119site nesidalyti su mumis savo informacija, mes nesielgsime su jumis ma\u017eiau palankiai. Jei pateikiate mums asmenin\u0119 informacij\u0105, suprantate, kad j\u0105 rinksime, saugosime, naudosime ir atskleisime pagal \u0161i\u0105 privatumo politik\u0105. Turite teis\u0119 pra\u0161yti pateikti i\u0161sami\u0105 informacij\u0105 apie informacij\u0105, kuri\u0105 apie jus renkame.   <\/p>\n\n<p>Gav\u0119 j\u016bs\u0173 asmenin\u0119 informacij\u0105 i\u0161 tre\u010diosios \u0161alies, saugosime j\u0105 pagal \u0161i\u0105 privatumo politik\u0105 ir Estijos Respublikos \u012fstatymus. Jei patys dalijat\u0117s tre\u010diosios \u0161alies informacija, patvirtinate, kad turite teis\u0119 ir leidim\u0105 tai daryti. <\/p>\n\n<p>Net jei anks\u010diau sutikote, kad dalytum\u0117m\u0117s j\u016bs\u0173 asmenine informacija rinkodaros tikslais, turite teis\u0119 bet kada pakeisti savo nuomon\u0119. Visada turite teis\u0119 atsisakyti bendravimo su mumis ir papra\u0161yti, kad pa\u0161alintume j\u016bs\u0173 informacij\u0105 i\u0161 m\u016bs\u0173 duomen\u0173 bazi\u0173. Retkar\u010diais taip pat galime papra\u0161yti informacijos apie jus, kad gal\u0117tume patikrinti j\u016bs\u0173 tapatyb\u0119. Jei manote, kad bet kuri m\u016bs\u0173 surinkta informacija apie jus yra netiksli, pasenusi, nei\u0161sami, netinkama ar klaidinanti, susisiekite su mumis el. pa\u0161tu: ahhoi@skald.ee arba telefonu: +37251930090. Mes d\u0117sime visas pastangas, kad i\u0161taisytume netiksli\u0105, nei\u0161sami\u0105, klaidinan\u010di\u0105 ar pasenusi\u0105 informacij\u0105.    <\/p>\n\n<p>Jei manote, kad pa\u017eeid\u0117me atitinkam\u0105 duomen\u0173 apsaugos \u012fstatym\u0105, ir norite pateikti skund\u0105, susisiekite su mumis \u0161iame dokumente nurodytais kontaktiniais duomenimis ir pateikite i\u0161sami\u0105 informacij\u0105 apie pa\u017eeidim\u0105. Mes nedelsdami i\u0161nagrin\u0117sime j\u016bs\u0173 skund\u0105 ir atsakysime jums ra\u0161tu, nurodydami tyrimo rezultatus ir veiksmus, kuri\u0173 imsim\u0117s, kad i\u0161spr\u0119stume j\u016bs\u0173 skund\u0105. Taip pat turite teis\u0119 perduoti \u0161\u012f klausim\u0105 reguliuojan\u010diajai arba duomen\u0173 apsaugos institucijai.  <\/p>\n\n<h2 class=\"wp-block-heading\">BDAR duomen\u0173 apsaugos teis\u0117s<\/h2>\n\n<p>Norime u\u017etikrinti, kad \u017einotum\u0117te visas savo teises, susijusias su duomen\u0173 apsauga. Kiekvienas \u0161ios svetain\u0117s naudotojas turi teis\u0119 \u012f \u0161ias s\u0105lygas: <\/p>\n\n<ul class=\"wp-block-list\">\n<li>Teis\u0117 susipa\u017einti &#8211; turite teis\u0119 pra\u0161yti savo asmens duomen\u0173 kopij\u0173.<\/li>\n\n\n\n<li>Teis\u0117 \u012f i\u0161taisym\u0105 &#8211; turite teis\u0119 pra\u0161yti m\u016bs\u0173 i\u0161taisyti duomenis, kurie, j\u016bs\u0173 manymu, yra netiksl\u016bs. Taip pat turite teis\u0119 pra\u0161yti, kad papildytume informacij\u0105, kuri, j\u016bs\u0173 manymu, yra nei\u0161sami. <\/li>\n\n\n\n<li>Teis\u0117 i\u0161trinti duomenis &#8211; tam tikromis s\u0105lygomis turite teis\u0119 pra\u0161yti i\u0161trinti savo asmens duomenis.<\/li>\n\n\n\n<li>Teis\u0117 apriboti duomen\u0173 tvarkym\u0105 &#8211; tam tikromis s\u0105lygomis turite teis\u0119 pra\u0161yti apriboti savo asmens duomen\u0173 naudojim\u0105.<\/li>\n\n\n\n<li>Teis\u0117 nesutikti, kad j\u016bs\u0173 asmens duomenys b\u016bt\u0173 naudojami &#8211; tam tikromis s\u0105lygomis turite teis\u0119 nesutikti, kad j\u016bs\u0173 asmens duomenys b\u016bt\u0173 naudojami.<\/li>\n\n\n\n<li>Teis\u0117 \u012f duomen\u0173 perk\u0117lim\u0105 &#8211; tam tikromis s\u0105lygomis turite teis\u0119 pra\u0161yti, kad surinktus duomenis perduotume tre\u010diajai \u0161aliai arba tiesiogiai jums.<\/li>\n<\/ul>\n\n<h2 class=\"wp-block-heading\">J\u016bs\u0173 duomen\u0173 saugumas<\/h2>\n\n<p>Mums svarbus j\u016bs\u0173 asmenin\u0117s informacijos saugumas, ta\u010diau nepamir\u0161kite, kad joks keitimosi informacija internetu ar elektroninio saugojimo b\u016bdas n\u0117ra 100 % saugus. Nors stengiam\u0117s apsaugoti j\u016bs\u0173 informacij\u0105, negalime garantuoti visi\u0161ko jos saugumo. <\/p>\n\n<p>&#8220;Skald O\u00dc&#8221; imsis vis\u0173 pagr\u012fstai b\u016btin\u0173 priemoni\u0173, kad u\u017etikrint\u0173, jog j\u016bs\u0173 duomenys b\u016bt\u0173 tvarkomi saugiai ir laikantis \u0161ios privatumo politikos bei Estijos Respublikos \u012fstatym\u0173. J\u016bs\u0173 duomenys nebus perduodami jokiai organizacijai ar \u0161aliai, i\u0161skyrus atvejus, kai tam yra pagr\u012fsta prie\u017eastis ir u\u017etikrinamas j\u016bs\u0173 duomen\u0173 saugumas. <\/p>\n\n<h2 class=\"wp-block-heading\">Nuorodos \u012f kitas svetaines<\/h2>\n\n<p>M\u016bs\u0173 svetain\u0117je galite rasti nuorod\u0173 \u012f kitas mums nepriklausan\u010dias svetaines. Jei spustel\u0117site nuorod\u0105 \u012f tre\u010diosios \u0161alies svetain\u0119, b\u016bsite nukreipti \u012f tos tre\u010diosios \u0161alies svetain\u0119. Primygtinai rekomenduojame perskaityti kiekvienos svetain\u0117s, kurioje lankot\u0117s, privatumo politik\u0105.  <\/p>\n\n<p>Mes nekontroliuojame tre\u010di\u0173j\u0173 \u0161ali\u0173 svetaini\u0173 ir neprisiimame jokios atsakomyb\u0117s u\u017e j\u0173 turin\u012f, privatumo politik\u0105, j\u0173 teikiamas paslaugas ar kt.<\/p>\n\n<h2 class=\"wp-block-heading\">Privatumo politikos atnaujinimai<\/h2>\n\n<p>Pasiliekame teis\u0119 prireikus keisti \u0161\u012f privatumo politikos dokument\u0105. Atnaujin\u0119 privatumo politik\u0105, privatumo politikos apa\u010dioje pakeisime atnaujinimo dat\u0105. Jei po Privatumo politikos atnaujinimo toliau lankysit\u0117s ir naudosit\u0117s m\u016bs\u0173 svetaine, laikysime, kad j\u016bs tyliai sutinkate su pakeitimais.  <\/p>\n\n<p>Paskutin\u012f kart\u0105 keista 04\/03\/2025<\/p>\n","protected":false},"excerpt":{"rendered":"<p>&#8220;Skald O\u00dc&#8221; svarbus j\u016bs\u0173 privatumas, tod\u0117l laikom\u0117s vis\u0173 galiojan\u010di\u0173 \u012fstatym\u0173 ir taisykli\u0173, susijusi\u0173 su bet kokia asmenine informacija, kuri\u0105 galime surinkti apie jus, kai lankot\u0117s m\u016bs\u0173 svetain\u0117je logokujundus.ee. Naudodamiesi m\u016bs\u0173 svetaine, j\u016bs sutinkate, kad mes renkame ir naudojame j\u016bs\u0173 informacij\u0105 pagal \u0161i\u0105 privatumo politik\u0105. \u0160ioje privatumo politikoje norime paai\u0161kinti, kokius duomenis renkame, kaip juos naudojame [&hellip;]<\/p>\n","protected":false},"author":1,"featured_media":0,"parent":0,"menu_order":0,"comment_status":"closed","ping_status":"closed","template":"","meta":{"footnotes":""},"class_list":["post-1181","page","type-page","status-publish","hentry"],"jetpack_sharing_enabled":true,"_links":{"self":[{"href":"https:\/\/logokujundus.ee\/lt\/wp-json\/wp\/v2\/pages\/1181","targetHints":{"allow":["GET"]}}],"collection":[{"href":"https:\/\/logokujundus.ee\/lt\/wp-json\/wp\/v2\/pages"}],"about":[{"href":"https:\/\/logokujundus.ee\/lt\/wp-json\/wp\/v2\/types\/page"}],"author":[{"embeddable":true,"href":"https:\/\/logokujundus.ee\/lt\/wp-json\/wp\/v2\/users\/1"}],"replies":[{"embeddable":true,"href":"https:\/\/logokujundus.ee\/lt\/wp-json\/wp\/v2\/comments?post=1181"}],"version-history":[{"count":1,"href":"https:\/\/logokujundus.ee\/lt\/wp-json\/wp\/v2\/pages\/1181\/revisions"}],"predecessor-version":[{"id":1184,"href":"https:\/\/logokujundus.ee\/lt\/wp-json\/wp\/v2\/pages\/1181\/revisions\/1184"}],"wp:attachment":[{"href":"https:\/\/logokujundus.ee\/lt\/wp-json\/wp\/v2\/media?parent=1181"}],"curies":[{"name":"wp","href":"https:\/\/api.w.org\/{rel}","templated":true}]}}