{"id":1191,"date":"2025-03-05T17:07:19","date_gmt":"2025-03-05T15:07:19","guid":{"rendered":"http:\/\/logokujundus.ee\/pirkiniu-krepselis\/"},"modified":"2025-03-05T17:10:10","modified_gmt":"2025-03-05T15:10:10","slug":"pirkiniu-krepselis","status":"publish","type":"page","link":"https:\/\/logokujundus.ee\/lt\/pirkiniu-krepselis\/","title":{"rendered":"Pirkini\u0173 krep\u0161elis"},"content":{"rendered":"\n<div data-block-name=\"woocommerce\/cart\" class=\"wp-block-woocommerce-cart alignwide is-loading\">\n<div data-block-name=\"woocommerce\/filled-cart-block\" class=\"wp-block-woocommerce-filled-cart-block\">\n<div data-block-name=\"woocommerce\/cart-items-block\" class=\"wp-block-woocommerce-cart-items-block\">\n<div data-block-name=\"woocommerce\/cart-line-items-block\" class=\"wp-block-woocommerce-cart-line-items-block\"><\/div>\n\n\n\n<div data-block-name=\"woocommerce\/cart-cross-sells-block\" class=\"wp-block-woocommerce-cart-cross-sells-block\">\n<h2 class=\"wp-block-heading has-large-font-size\">Jus taip pat gali dominti&#8230;<\/h2>\n\n\n\n<div data-block-name=\"woocommerce\/cart-cross-sells-products-block\" class=\"wp-block-woocommerce-cart-cross-sells-products-block\"><\/div>\n<\/div>\n<\/div>\n\n\n\n<div data-block-name=\"woocommerce\/cart-totals-block\" class=\"wp-block-woocommerce-cart-totals-block\">\n<div data-block-name=\"woocommerce\/cart-order-summary-block\" class=\"wp-block-woocommerce-cart-order-summary-block\">\n<div data-block-name=\"woocommerce\/cart-order-summary-heading-block\" class=\"wp-block-woocommerce-cart-order-summary-heading-block\"><\/div><div data-block-name=\"woocommerce\/cart-order-summary-coupon-form-block\" class=\"wp-block-woocommerce-cart-order-summary-coupon-form-block\"><\/div><div data-block-name=\"woocommerce\/cart-order-summary-totals-block\" class=\"wp-block-woocommerce-cart-order-summary-totals-block\">\n<div data-block-name=\"woocommerce\/cart-order-summary-subtotal-block\" class=\"wp-block-woocommerce-cart-order-summary-subtotal-block\"><\/div>\n<div data-block-name=\"woocommerce\/cart-order-summary-discount-block\" class=\"wp-block-woocommerce-cart-order-summary-discount-block\"><\/div>\n<div data-block-name=\"woocommerce\/cart-order-summary-fee-block\" class=\"wp-block-woocommerce-cart-order-summary-fee-block\"><\/div>\n<div data-block-name=\"woocommerce\/cart-order-summary-shipping-block\" class=\"wp-block-woocommerce-cart-order-summary-shipping-block\"><\/div>\n<div data-block-name=\"woocommerce\/cart-order-summary-taxes-block\" class=\"wp-block-woocommerce-cart-order-summary-taxes-block\"><\/div><\/div>\n<\/div>\n\n\n\n<div data-block-name=\"woocommerce\/cart-express-payment-block\" class=\"wp-block-woocommerce-cart-express-payment-block\"><\/div>\n\n\n\n<div data-block-name=\"woocommerce\/proceed-to-checkout-block\" class=\"wp-block-woocommerce-proceed-to-checkout-block\"><\/div>\n\n\n\n<div data-block-name=\"woocommerce\/cart-accepted-payment-methods-block\" class=\"wp-block-woocommerce-cart-accepted-payment-methods-block\"><\/div>\n<\/div>\n<\/div>\n\n\n\n<div data-block-name=\"woocommerce\/empty-cart-block\" class=\"wp-block-woocommerce-empty-cart-block\">\n<h2 class=\"wp-block-heading has-text-align-center with-empty-cart-icon wc-block-cart__empty-cart__title\">J\u016bs\u0173 krep\u0161elis \u0161iuo metu tu\u0161\u010dias!<\/h2>\n\n\n\n<hr class=\"wp-block-separator has-alpha-channel-opacity is-style-dots\"\/>\n\n\n\n<h2 class=\"wp-block-heading has-text-align-center\">Naujiena parduotuv\u0117je<\/h2>\n\n\n<div data-block-name=\"woocommerce\/product-new\" data-columns=\"4\" data-rows=\"1\" class=\"wc-block-grid wp-block-product-new wp-block-woocommerce-product-new wc-block-product-new has-4-columns\"><ul class=\"wc-block-grid__products\"><li class=\"wc-block-grid__product\">\n\t\t\t\t<a href=\"https:\/\/logokujundus.ee\/lt\/teenus\/logotipo-dizaino-atnaujinimas-kopeeri\/\" class=\"wc-block-grid__product-link\">\n\t\t\t\t\t\n\t\t\t\t\t<div class=\"wc-block-grid__product-image\"><img fetchpriority=\"high\" decoding=\"async\" width=\"300\" height=\"300\" src=\"https:\/\/i0.wp.com\/logokujundus.ee\/wp-content\/uploads\/2025\/03\/Reklaam.jpg?resize=300%2C300&amp;ssl=1\" class=\"attachment-woocommerce_thumbnail size-woocommerce_thumbnail\" alt=\"Reklaminis stendas su u\u017era\u0161u &quot;J\u016bs\u0173 naujasis logotipas&quot;.\" srcset=\"https:\/\/i0.wp.com\/logokujundus.ee\/wp-content\/uploads\/2025\/03\/Reklaam.jpg?resize=150%2C150&amp;ssl=1 150w, https:\/\/i0.wp.com\/logokujundus.ee\/wp-content\/uploads\/2025\/03\/Reklaam.jpg?resize=300%2C300&amp;ssl=1 300w, https:\/\/i0.wp.com\/logokujundus.ee\/wp-content\/uploads\/2025\/03\/Reklaam.jpg?resize=100%2C100&amp;ssl=1 100w, https:\/\/i0.wp.com\/logokujundus.ee\/wp-content\/uploads\/2025\/03\/Reklaam.jpg?zoom=2&amp;resize=300%2C300&amp;ssl=1 600w, https:\/\/i0.wp.com\/logokujundus.ee\/wp-content\/uploads\/2025\/03\/Reklaam.jpg?zoom=3&amp;resize=300%2C300&amp;ssl=1 900w\" sizes=\"(max-width: 300px) 100vw, 300px\" \/><\/div>\n\t\t\t\t\t<div class=\"wc-block-grid__product-title\">Logotipo vektorizavimas<\/div>\n\t\t\t\t<\/a>\n\t\t\t\t<div class=\"wc-block-grid__product-price price\"><span class=\"woocommerce-Price-amount amount\">55,00&nbsp;<span class=\"woocommerce-Price-currencySymbol\">&euro;<\/span><\/span><\/div>\n\t\t\t\t\n\t\t\t\t<div class=\"wp-block-button wc-block-grid__product-add-to-cart\"><a href=\"https:\/\/logokujundus.ee\/lt\/teenus\/logotipo-dizaino-atnaujinimas-kopeeri\/\" aria-label=\"Add to cart: &ldquo;Logotipo vektorizavimas&rdquo;\" data-quantity=\"1\" data-product_id=\"1661\" data-product_sku=\"VEKTOR\" data-price=\"55\" rel=\"nofollow\" class=\"wp-block-button__link  add_to_cart_button\">Alusta logo tellimist<\/a><\/div>\n\t\t\t<\/li><li class=\"wc-block-grid__product\">\n\t\t\t\t<a href=\"https:\/\/logokujundus.ee\/lt\/teenus\/logotipo-dizainas-kopeeri\/\" class=\"wc-block-grid__product-link\">\n\t\t\t\t\t\n\t\t\t\t\t<div class=\"wc-block-grid__product-image\"><img fetchpriority=\"high\" decoding=\"async\" width=\"300\" height=\"300\" src=\"https:\/\/i0.wp.com\/logokujundus.ee\/wp-content\/uploads\/2025\/03\/Reklaam.jpg?resize=300%2C300&amp;ssl=1\" class=\"attachment-woocommerce_thumbnail size-woocommerce_thumbnail\" alt=\"Reklaminis stendas su u\u017era\u0161u &quot;J\u016bs\u0173 naujasis logotipas&quot;.\" srcset=\"https:\/\/i0.wp.com\/logokujundus.ee\/wp-content\/uploads\/2025\/03\/Reklaam.jpg?resize=150%2C150&amp;ssl=1 150w, https:\/\/i0.wp.com\/logokujundus.ee\/wp-content\/uploads\/2025\/03\/Reklaam.jpg?resize=300%2C300&amp;ssl=1 300w, https:\/\/i0.wp.com\/logokujundus.ee\/wp-content\/uploads\/2025\/03\/Reklaam.jpg?resize=100%2C100&amp;ssl=1 100w, https:\/\/i0.wp.com\/logokujundus.ee\/wp-content\/uploads\/2025\/03\/Reklaam.jpg?zoom=2&amp;resize=300%2C300&amp;ssl=1 600w, https:\/\/i0.wp.com\/logokujundus.ee\/wp-content\/uploads\/2025\/03\/Reklaam.jpg?zoom=3&amp;resize=300%2C300&amp;ssl=1 900w\" sizes=\"(max-width: 300px) 100vw, 300px\" \/><\/div>\n\t\t\t\t\t<div class=\"wc-block-grid__product-title\">Logotipo dizaino atnaujinimas<\/div>\n\t\t\t\t<\/a>\n\t\t\t\t<div class=\"wc-block-grid__product-price price\"><span class=\"ayudawp-lowest-price\"><span class=\"ayudawp-prefix\">Nuo<\/span> <span class=\"woocommerce-Price-amount amount\">85,00&nbsp;<span class=\"woocommerce-Price-currencySymbol\">&euro;<\/span><\/span><\/span><\/div>\n\t\t\t\t\n\t\t\t\t<div class=\"wp-block-button wc-block-grid__product-add-to-cart\"><a href=\"https:\/\/logokujundus.ee\/lt\/teenus\/logotipo-dizainas-kopeeri\/\" aria-label=\"Pasirinkti savybes: &ldquo;Logotipo dizaino atnaujinimas&rdquo;\" data-quantity=\"1\" data-product_id=\"1645\" data-product_sku=\"REFRESH\" data-price=\"85\" rel=\"nofollow\" class=\"wp-block-button__link  add_to_cart_button\">Alusta logo tellimist<\/a><\/div>\n\t\t\t<\/li><li class=\"wc-block-grid__product\">\n\t\t\t\t<a href=\"https:\/\/logokujundus.ee\/lt\/teenus\/logotipo-dizainas\/\" class=\"wc-block-grid__product-link\">\n\t\t\t\t\t\n\t\t\t\t\t<div class=\"wc-block-grid__product-image\"><img fetchpriority=\"high\" decoding=\"async\" width=\"300\" height=\"300\" src=\"https:\/\/i0.wp.com\/logokujundus.ee\/wp-content\/uploads\/2025\/03\/Reklaam.jpg?resize=300%2C300&amp;ssl=1\" class=\"attachment-woocommerce_thumbnail size-woocommerce_thumbnail\" alt=\"Reklaminis stendas su u\u017era\u0161u &quot;J\u016bs\u0173 naujasis logotipas&quot;.\" srcset=\"https:\/\/i0.wp.com\/logokujundus.ee\/wp-content\/uploads\/2025\/03\/Reklaam.jpg?resize=150%2C150&amp;ssl=1 150w, https:\/\/i0.wp.com\/logokujundus.ee\/wp-content\/uploads\/2025\/03\/Reklaam.jpg?resize=300%2C300&amp;ssl=1 300w, https:\/\/i0.wp.com\/logokujundus.ee\/wp-content\/uploads\/2025\/03\/Reklaam.jpg?resize=100%2C100&amp;ssl=1 100w, https:\/\/i0.wp.com\/logokujundus.ee\/wp-content\/uploads\/2025\/03\/Reklaam.jpg?zoom=2&amp;resize=300%2C300&amp;ssl=1 600w, https:\/\/i0.wp.com\/logokujundus.ee\/wp-content\/uploads\/2025\/03\/Reklaam.jpg?zoom=3&amp;resize=300%2C300&amp;ssl=1 900w\" sizes=\"(max-width: 300px) 100vw, 300px\" \/><\/div>\n\t\t\t\t\t<div class=\"wc-block-grid__product-title\">Logotipo dizainas<\/div>\n\t\t\t\t<\/a>\n\t\t\t\t<div class=\"wc-block-grid__product-price price\"><span class=\"ayudawp-lowest-price\"><span class=\"ayudawp-prefix\">Nuo<\/span> <span class=\"woocommerce-Price-amount amount\">95,00&nbsp;<span class=\"woocommerce-Price-currencySymbol\">&euro;<\/span><\/span><\/span><\/div>\n\t\t\t\t\n\t\t\t\t<div class=\"wp-block-button wc-block-grid__product-add-to-cart\"><a href=\"https:\/\/logokujundus.ee\/lt\/teenus\/logotipo-dizainas\/\" aria-label=\"Pasirinkti savybes: &ldquo;Logotipo dizainas&rdquo;\" data-quantity=\"1\" data-product_id=\"1219\" data-product_sku=\"LOGO\" data-price=\"95\" rel=\"nofollow\" class=\"wp-block-button__link  add_to_cart_button\">Alusta logo tellimist<\/a><\/div>\n\t\t\t<\/li><\/ul><\/div><\/div>\n<\/div>\n","protected":false},"excerpt":{"rendered":"","protected":false},"author":1,"featured_media":0,"parent":0,"menu_order":0,"comment_status":"closed","ping_status":"closed","template":"","meta":{"footnotes":""},"class_list":["post-1191","page","type-page","status-publish","hentry"],"jetpack_sharing_enabled":true,"_links":{"self":[{"href":"https:\/\/logokujundus.ee\/lt\/wp-json\/wp\/v2\/pages\/1191","targetHints":{"allow":["GET"]}}],"collection":[{"href":"https:\/\/logokujundus.ee\/lt\/wp-json\/wp\/v2\/pages"}],"about":[{"href":"https:\/\/logokujundus.ee\/lt\/wp-json\/wp\/v2\/types\/page"}],"author":[{"embeddable":true,"href":"https:\/\/logokujundus.ee\/lt\/wp-json\/wp\/v2\/users\/1"}],"replies":[{"embeddable":true,"href":"https:\/\/logokujundus.ee\/lt\/wp-json\/wp\/v2\/comments?post=1191"}],"version-history":[{"count":1,"href":"https:\/\/logokujundus.ee\/lt\/wp-json\/wp\/v2\/pages\/1191\/revisions"}],"predecessor-version":[{"id":1192,"href":"https:\/\/logokujundus.ee\/lt\/wp-json\/wp\/v2\/pages\/1191\/revisions\/1192"}],"wp:attachment":[{"href":"https:\/\/logokujundus.ee\/lt\/wp-json\/wp\/v2\/media?parent=1191"}],"curies":[{"name":"wp","href":"https:\/\/api.w.org\/{rel}","templated":true}]}}