{"id":1219,"date":"2025-03-03T11:19:53","date_gmt":"2025-03-03T09:19:53","guid":{"rendered":"http:\/\/logokujundus.ee\/teenus\/logotipo-dizainas\/"},"modified":"2025-04-08T15:02:41","modified_gmt":"2025-04-08T12:02:41","slug":"logotipo-dizainas","status":"publish","type":"product","link":"https:\/\/logokujundus.ee\/lt\/teenus\/logotipo-dizainas\/","title":{"rendered":"Logotipo dizainas"},"content":{"rendered":"<p>Jei esate naujas verslas, asmeninis logotipas yra gera priemon\u0117 i\u0161siskirti reklamoje. Pasenusio logotipo pakeitimas taip pat yra gera id\u0117ja \u012fsitvirtinusioms \u012fmon\u0117ms, norin\u010dioms pagerinti savo \u012fvaizd\u012f. Sukursime jums nauj\u0105 logotip\u0105, kuris perteiks j\u016bs\u0173 \u012fmon\u0117s vertybes ir istorij\u0105. Naudodamiesi m\u016bs\u0173 paslaugomis, galite gauti naujojo logotipo versijas, tinkamas naudoti tiek \u0161viesiame, tiek tamsiame fone, ir \u012fvairi\u0173 format\u0173 failus, kad logotipas b\u016bt\u0173 kuo patogiau naudojamas.   <\/p>\n","protected":false},"excerpt":{"rendered":"<p>Jei esate naujas verslas, asmeninis logotipas yra gera priemon\u0117 i\u0161siskirti reklamoje. Pasenusio logotipo pakeitimas taip pat yra gera id\u0117ja \u012fsitvirtinusioms \u012fmon\u0117ms, norin\u010dioms pagerinti savo \u012fvaizd\u012f. Sukursime jums nauj\u0105 logotip\u0105, kuris perteiks j\u016bs\u0173 \u012fmon\u0117s vertybes ir istorij\u0105. Naudodamiesi m\u016bs\u0173 paslaugomis, galite gauti naujojo logotipo versijas, tinkamas naudoti tiek \u0161viesiame, tiek tamsiame fone, ir \u012fvairi\u0173 format\u0173 failus, [&hellip;]<\/p>\n","protected":false},"featured_media":1134,"template":"","meta":[],"product_brand":[],"product_cat":[31],"product_tag":[],"class_list":{"0":"post-1219","1":"product","2":"type-product","3":"status-publish","4":"has-post-thumbnail","6":"product_cat-uncategorized-lt","7":"wcpa_has_options","9":"first","10":"instock","11":"shipping-taxable","12":"purchasable","13":"product-type-variable","14":"has-default-attributes"},"jetpack_sharing_enabled":true,"_links":{"self":[{"href":"https:\/\/logokujundus.ee\/lt\/wp-json\/wp\/v2\/product\/1219","targetHints":{"allow":["GET"]}}],"collection":[{"href":"https:\/\/logokujundus.ee\/lt\/wp-json\/wp\/v2\/product"}],"about":[{"href":"https:\/\/logokujundus.ee\/lt\/wp-json\/wp\/v2\/types\/product"}],"wp:featuredmedia":[{"embeddable":true,"href":"https:\/\/logokujundus.ee\/lt\/wp-json\/wp\/v2\/media\/1134"}],"wp:attachment":[{"href":"https:\/\/logokujundus.ee\/lt\/wp-json\/wp\/v2\/media?parent=1219"}],"wp:term":[{"taxonomy":"product_brand","embeddable":true,"href":"https:\/\/logokujundus.ee\/lt\/wp-json\/wp\/v2\/product_brand?post=1219"},{"taxonomy":"product_cat","embeddable":true,"href":"https:\/\/logokujundus.ee\/lt\/wp-json\/wp\/v2\/product_cat?post=1219"},{"taxonomy":"product_tag","embeddable":true,"href":"https:\/\/logokujundus.ee\/lt\/wp-json\/wp\/v2\/product_tag?post=1219"}],"curies":[{"name":"wp","href":"https:\/\/api.w.org\/{rel}","templated":true}]}}