{"id":1645,"date":"2025-03-12T10:22:29","date_gmt":"2025-03-12T08:22:29","guid":{"rendered":"http:\/\/logokujundus.ee\/?post_type=product&#038;p=1645"},"modified":"2025-03-17T17:06:47","modified_gmt":"2025-03-17T15:06:47","slug":"logotipo-dizainas-kopeeri","status":"publish","type":"product","link":"https:\/\/logokujundus.ee\/lt\/teenus\/logotipo-dizainas-kopeeri\/","title":{"rendered":"Logotipo dizaino atnaujinimas"},"content":{"rendered":"<p>Ne visada reikia kurti visi\u0161kai nauj\u0105 logotip\u0105. Kartais pakanka pritaikyti sen\u0105j\u012f, pavyzd\u017eiui, suderinti spalvas arba supaprastinti formas. Suteiksime j\u016bs\u0173 senam logotipui nauj\u0105 gyvenim\u0105.   Naudodamiesi \u0161ia paslauga galite gauti naujojo logotipo versijas, kurias galima naudoti tiek \u0161viesiame, tiek tamsiame fone, ir \u012fvairi\u0173 format\u0173 failus, kad logotip\u0105 b\u016bt\u0173 galima naudoti kuo patogiau. Teikiant \u0161i\u0105 paslaug\u0105 reikia tur\u0117ti senus logotipo failus. Pageidautina, kad atsi\u0173stum\u0117te mums kuo didesn\u0117s rai\u0161kos esamo logotipo fail\u0105. Jei \u012fmanoma, si\u0173skite failus vektoriniu formatu (SVG, AI, PDF, EPS), bet jei n\u0117ra galimyb\u0117s, tinka ir rastriniai failai (JPG, PNG, GIF, WEBP).<\/p>\n","protected":false},"excerpt":{"rendered":"<p>Ne visada reikia kurti visi\u0161kai nauj\u0105 logotip\u0105. Kartais pakanka pritaikyti sen\u0105j\u012f, pavyzd\u017eiui, suderinti spalvas arba supaprastinti formas. Suteiksime j\u016bs\u0173 senam logotipui nauj\u0105 gyvenim\u0105. Naudodamiesi \u0161ia paslauga galite gauti naujojo logotipo versijas, kurias galima naudoti tiek \u0161viesiame, tiek tamsiame fone, ir \u012fvairi\u0173 format\u0173 failus, kad logotip\u0105 b\u016bt\u0173 galima naudoti kuo patogiau. Teikiant \u0161i\u0105 paslaug\u0105 reikia tur\u0117ti [&hellip;]<\/p>\n","protected":false},"featured_media":1134,"template":"","meta":[],"product_brand":[],"product_cat":[31],"product_tag":[],"class_list":{"0":"post-1645","1":"product","2":"type-product","3":"status-publish","4":"has-post-thumbnail","6":"product_cat-uncategorized-lt","7":"wcpa_has_options","9":"first","10":"instock","11":"shipping-taxable","12":"purchasable","13":"product-type-variable","14":"has-default-attributes"},"jetpack_sharing_enabled":true,"_links":{"self":[{"href":"https:\/\/logokujundus.ee\/lt\/wp-json\/wp\/v2\/product\/1645","targetHints":{"allow":["GET"]}}],"collection":[{"href":"https:\/\/logokujundus.ee\/lt\/wp-json\/wp\/v2\/product"}],"about":[{"href":"https:\/\/logokujundus.ee\/lt\/wp-json\/wp\/v2\/types\/product"}],"wp:featuredmedia":[{"embeddable":true,"href":"https:\/\/logokujundus.ee\/lt\/wp-json\/wp\/v2\/media\/1134"}],"wp:attachment":[{"href":"https:\/\/logokujundus.ee\/lt\/wp-json\/wp\/v2\/media?parent=1645"}],"wp:term":[{"taxonomy":"product_brand","embeddable":true,"href":"https:\/\/logokujundus.ee\/lt\/wp-json\/wp\/v2\/product_brand?post=1645"},{"taxonomy":"product_cat","embeddable":true,"href":"https:\/\/logokujundus.ee\/lt\/wp-json\/wp\/v2\/product_cat?post=1645"},{"taxonomy":"product_tag","embeddable":true,"href":"https:\/\/logokujundus.ee\/lt\/wp-json\/wp\/v2\/product_tag?post=1645"}],"curies":[{"name":"wp","href":"https:\/\/api.w.org\/{rel}","templated":true}]}}