{"id":1661,"date":"2025-03-12T10:44:05","date_gmt":"2025-03-12T08:44:05","guid":{"rendered":"http:\/\/logokujundus.ee\/?post_type=product&#038;p=1661"},"modified":"2025-03-12T11:17:45","modified_gmt":"2025-03-12T09:17:45","slug":"logotipo-dizaino-atnaujinimas-kopeeri","status":"publish","type":"product","link":"https:\/\/logokujundus.ee\/lt\/teenus\/logotipo-dizaino-atnaujinimas-kopeeri\/","title":{"rendered":"Logotipo vektorizavimas"},"content":{"rendered":"<p>Jei turite ger\u0105 logotip\u0105, bet d\u0117l vektorinio formato tr\u016bkumo j\u012f sunku naudoti tam tikrose situacijose, galime jums pad\u0117ti vektorizuoti logotip\u0105 ir pad\u0117ti j\u012f naudoti toliau. Vektorizuoto logotipo privalumas tas, kad, kitaip nei rastrin\u012f JPG ar PNG logotip\u0105, j\u012f galima naudoti \u012fvairiais dyd\u017eiais, nesuma\u017einant vaizdo kokyb\u0117s ir netampant nery\u0161kiam bei negra\u017eiam. Teikiant \u0161i\u0105 paslaug\u0105 reikia tur\u0117ti savo senojo logotipo failus. Pageidautina, kad mums atsi\u0173stum\u0117te kuo didesn\u0117s rai\u0161kos esamo logotipo fail\u0105. Vektorizavimui tinkami JPG, PNG, GIF ir WEBP formatai.    <\/p>\n","protected":false},"excerpt":{"rendered":"<p>Jei turite ger\u0105 logotip\u0105, bet d\u0117l vektorinio formato tr\u016bkumo j\u012f sunku naudoti tam tikrose situacijose, galime jums pad\u0117ti vektorizuoti logotip\u0105 ir pad\u0117ti j\u012f naudoti toliau. Vektorizuoto logotipo privalumas tas, kad, kitaip nei rastrin\u012f JPG ar PNG logotip\u0105, j\u012f galima naudoti \u012fvairiais dyd\u017eiais, nesuma\u017einant vaizdo kokyb\u0117s ir netampant nery\u0161kiam bei negra\u017eiam. Teikiant \u0161i\u0105 paslaug\u0105 reikia tur\u0117ti [&hellip;]<\/p>\n","protected":false},"featured_media":1134,"template":"","meta":[],"product_brand":[],"product_cat":[31],"product_tag":[],"class_list":{"0":"post-1661","1":"product","2":"type-product","3":"status-publish","4":"has-post-thumbnail","6":"product_cat-uncategorized-lt","7":"wcpa_has_options","9":"first","10":"instock","11":"virtual","12":"purchasable","13":"product-type-simple"},"jetpack_sharing_enabled":true,"_links":{"self":[{"href":"https:\/\/logokujundus.ee\/lt\/wp-json\/wp\/v2\/product\/1661","targetHints":{"allow":["GET"]}}],"collection":[{"href":"https:\/\/logokujundus.ee\/lt\/wp-json\/wp\/v2\/product"}],"about":[{"href":"https:\/\/logokujundus.ee\/lt\/wp-json\/wp\/v2\/types\/product"}],"wp:featuredmedia":[{"embeddable":true,"href":"https:\/\/logokujundus.ee\/lt\/wp-json\/wp\/v2\/media\/1134"}],"wp:attachment":[{"href":"https:\/\/logokujundus.ee\/lt\/wp-json\/wp\/v2\/media?parent=1661"}],"wp:term":[{"taxonomy":"product_brand","embeddable":true,"href":"https:\/\/logokujundus.ee\/lt\/wp-json\/wp\/v2\/product_brand?post=1661"},{"taxonomy":"product_cat","embeddable":true,"href":"https:\/\/logokujundus.ee\/lt\/wp-json\/wp\/v2\/product_cat?post=1661"},{"taxonomy":"product_tag","embeddable":true,"href":"https:\/\/logokujundus.ee\/lt\/wp-json\/wp\/v2\/product_tag?post=1661"}],"curies":[{"name":"wp","href":"https:\/\/api.w.org\/{rel}","templated":true}]}}