{"id":1182,"date":"2025-03-04T18:06:27","date_gmt":"2025-03-04T16:06:27","guid":{"rendered":"http:\/\/logokujundus.ee\/pardosanas-nosacijumi\/"},"modified":"2025-03-21T20:19:36","modified_gmt":"2025-03-21T18:19:36","slug":"pardosanas-nosacijumi","status":"publish","type":"page","link":"https:\/\/logokujundus.ee\/lv\/pardosanas-nosacijumi\/","title":{"rendered":"P\u0101rdo\u0161anas nosac\u012bjumi"},"content":{"rendered":"\n<p>Interneta veikala logokujundus.ee (turpm\u0101k tekst\u0101 &#8211; Interneta veikals) \u012bpa\u0161nieks ir Skald O\u00dc (re\u0123istr\u0101cijas kods 16335659).<\/p>\n\n<h2 class=\"wp-block-heading\">Pirkuma l\u012bguma, pakalpojumu un cenu inform\u0101cijas der\u012bgums<\/h2>\n\n<p>Pirk\u0161anas noteikumi un nosac\u012bjumi attiecas uz pakalpojumu ieg\u0101di no tie\u0161saistes veikala.<\/p>\n\n<p>Interneta veikal\u0101 p\u0101rdoto pakalpojumu cenas ir nor\u0101d\u012btas pie pakalpojumiem. Visas tie\u0161saistes veikal\u0101 p\u0101rdoto pre\u010du cenas ir nor\u0101d\u012btas euro.   <\/p>\n\n<p>Inform\u0101cija par pakalpojumu ir sniegta tie\u0161saistes veikal\u0101, kas atrodas tie\u0161i blakus pakalpojumam.<\/p>\n\n<h2 class=\"wp-block-heading\">Pakalpojumu snieg\u0161ana<\/h2>\n\n<p>M\u0113s sniedzam pakalpojumus klientiem vis\u0101 pasaul\u0113.  <\/p>\n\n<p>Pas\u016bt\u012bto rado\u0161o pakalpojumu rezult\u0101ti klientam tiks nos\u016bt\u012bti pa e-pastu 2-7 darba dienu laik\u0101 no p\u0101rdo\u0161anas l\u012bguma nosl\u0113g\u0161anas dienas.<\/p>\n\n<p>Atsevi\u0161\u0137os gad\u012bjumos pakalpojuma snieg\u0161anas termi\u0146u var pagarin\u0101t:<\/p>\n\n<ul class=\"wp-block-list\">\n<li>\u013boti liel\u0101 pas\u016bt\u012bjumu skaita d\u0113\u013c<\/li>\n\n\n\n<li>Pla\u0161i izplat\u012btu elektroener\u0123ijas un\/vai sakaru pakalpojumu p\u0101rtraukumu d\u0113\u013c.<\/li>\n\n\n\n<li>Uz\u0146\u0113muma br\u012bvdienu d\u0113\u013c<\/li>\n\n\n\n<li>Citu neparedz\u0113tu iemeslu d\u0113\u013c, kas ir \u0101rpus uz\u0146\u0113muma kontroles.<\/li>\n<\/ul>\n\n<p>Ja pakalpojuma snieg\u0161ana kav\u0113jas un ja darbs v\u0113l nav s\u0101kts, klientam ir ties\u012bbas atcelt abonementu un sa\u0146emt atpaka\u013c naudu.<\/p>\n\n<p>Ja pakalpojuma snieg\u0161ana kav\u0113jas ilg\u0101k par 30 dien\u0101m (ieskaitot gad\u012bjumus, kad darbs jau ir uzs\u0101kts), klientam ir ties\u012bbas atcelt abonementu un sa\u0146emt atpaka\u013c naudu. \u0160is noteikums neattiecas uz kav\u0113jumiem, ko izrais\u012bjis klients, piem\u0113ram, kav\u0113ta atgriezenisk\u0101 saite un nekontakt\u0113\u0161an\u0101s.    <\/p>\n\n<h2 class=\"wp-block-heading\">Atteikuma ties\u012bbas un galvojums<\/h2>\n\n<h3 class=\"wp-block-heading\">Atteikuma ties\u012bbas<\/h3>\n\n<p>Saska\u0146\u0101 ar <a href=\"https:\/\/www.riigiteataja.ee\/akt\/961235?leiaKehtiv\" target=\"_blank\" rel=\"noreferrer noopener\">Saist\u012bbu ties\u012bbu likuma<\/a> 53. panta 4. punkt\u0101 uzskait\u012btajiem nosac\u012bjumiem 14 dienu atteikuma ties\u012bbas neattiecas uz tie\u0161saistes veikal\u0101 pied\u0101v\u0101tajiem pakalpojumiem, ja tirgot\u0101js ir piln\u012bb\u0101 izpild\u012bjis savas saist\u012bbas saska\u0146\u0101 ar l\u012bgumu un pat\u0113r\u0113t\u0101js maks\u0101 tirgot\u0101jam maksu, tikai tad, ja pakalpojuma snieg\u0161ana vai cita veida izpilde ir uzs\u0101kta ar pat\u0113r\u0113t\u0101ja skaidru iepriek\u0161\u0113ju piekri\u0161anu un pamatojoties uz pat\u0113r\u0113t\u0101ja apliecin\u0101jumu, ka vi\u0146\u0161 ir inform\u0113ts par to, ka tirgot\u0101js zaud\u0113 savas atteikuma ties\u012bbas l\u012bguma piln\u012bgas izpildes gad\u012bjum\u0101.<\/p>\n\n<h3 class=\"wp-block-heading\">Garantija<\/h3>\n\n<p>Saska\u0146\u0101 ar Eiropas Savien\u012bbas ties\u012bbu aktiem digit\u0101lajam saturam un digit\u0101lajiem pakalpojumiem ir ar\u012b divu gadu garantija, ja digit\u0101lais saturs vai digit\u0101lais pakalpojums izr\u0101d\u0101s boj\u0101ts vai neatbilst reklam\u0113tajam. Gad\u012bjumi, uz kuriem attiecas garantija: <\/p>\n\n<ul class=\"wp-block-list\">\n<li>S\u0101kotn\u0113ji nos\u016bt\u012btie faili ir boj\u0101ti vai nepareiz\u0101 form\u0101t\u0101.<\/li>\n\n\n\n<li>Failiem ir nepareizs kr\u0101su profils<\/li>\n\n\n\n<li>Teksts vektoru grafik\u0101 tiek att\u0113lots ar nepareizu fonta veidu<\/li>\n\n\n\n<li>Ir aizdomas, ka logotips ir pla\u0123i\u0101ts.<\/li>\n<\/ul>\n\n<p>M\u0113s izskat\u0101m katru pras\u012bbu atsevi\u0161\u0137i un veicam korekcijas, cik vien iesp\u0113jams un cik vien sp\u0113jam. Gad\u012bjumos, kad ir aizdomas par pla\u0123i\u0101tismu, pien\u0101kums pier\u0101d\u012bt t\u012b\u0161u pla\u0123i\u0101tismu ir aps\u016bdz\u0113t\u0101jam. <\/p>\n\n<h2 class=\"wp-block-heading\">Tie\u0161\u0101 tirgved\u012bba un personas datu apstr\u0101de<\/h2>\n\n<p>Interneta veikals izmantos pirc\u0113ja sniegtos personas datus tikai pas\u016bt\u012bjuma apstr\u0101dei.<\/p>\n\n<p>Interneta veikals nos\u016bta jaunumus un pied\u0101v\u0101jumus uz pirc\u0113ja e-pasta adresi tikai tad, ja pirc\u0113js ir izteicis v\u0113lmi tos sa\u0146emt, ievadot savu e-pasta adresi t\u012bmek\u013ca vietn\u0113 un nor\u0101d\u012bjis savu v\u0113lmi sa\u0146emt tie\u0161\u0101 pasta pazi\u0146ojumus.<\/p>\n\n<p>Pirc\u0113js jebkur\u0101 laik\u0101 var atteikties no pied\u0101v\u0101jumu un bi\u013cetenu sa\u0146em\u0161anas pa e-pastu, pazi\u0146ojot mums par to pa e-pastu vai izpildot nor\u0101d\u012bjumus e-past\u0101, kur\u0101 ir pied\u0101v\u0101jumi.<\/p>\n\n<h2 class=\"wp-block-heading\">Str\u012bdu iz\u0161\u0137ir\u0161ana<\/h2>\n\n<p>Ja pirc\u0113jam ir k\u0101das s\u016bdz\u012bbas par Interneta veikalu, t\u0101s j\u0101nos\u016bta pa e-pastu uz ahhoi@skald.ee vai pa t\u0101lruni +37251930090.<\/p>\n\n<p>Ja pirc\u0113js un interneta veikals nesp\u0113j atrisin\u0101t str\u012bdu, vienojoties, pirc\u0113js var v\u0113rsties Pat\u0113r\u0113t\u0101ju str\u012bdu komisij\u0101. Ar proced\u016bras noteikumiem un nosac\u012bjumiem var iepaz\u012bties un iesniegt pieteikumu <a href=\"https:\/\/komisjon.ee\/et\/avalduse-esitamine\" target=\"_blank\" rel=\"noreferrer noopener\">\u0161eit.<\/a> Pat\u0113r\u0113t\u0101ju str\u012bdu komiteja ir kompetenta risin\u0101t str\u012bdus, kas izriet no l\u012bguma starp pirc\u0113ju un interneta veikalu. Pirc\u0113ja s\u016bdz\u012bbas izskat\u012b\u0161ana Komisij\u0101 ir bez maksas.   <\/p>\n\n<p>Pirc\u0113js var v\u0113rsties Eiropas Savien\u012bbas pat\u0113r\u0113t\u0101ju str\u012bdu iz\u0161\u0137ir\u0161anas platform\u0101 <a href=\"https:\/\/ec.europa.eu\/consumers\/odr\/main\/index.cfm?event=main.home2.show&amp;lng=ET\" target=\"_blank\" rel=\"noreferrer noopener\">.<\/a><\/p>\n\n<p>P\u0113d\u0113jo reizi redi\u0123\u0113ts 04\/03\/2025<\/p>\n","protected":false},"excerpt":{"rendered":"<p>Interneta veikala logokujundus.ee (turpm\u0101k tekst\u0101 &#8211; Interneta veikals) \u012bpa\u0161nieks ir Skald O\u00dc (re\u0123istr\u0101cijas kods 16335659). Pirkuma l\u012bguma, pakalpojumu un cenu inform\u0101cijas der\u012bgums Pirk\u0161anas noteikumi un nosac\u012bjumi attiecas uz pakalpojumu ieg\u0101di no tie\u0161saistes veikala. Interneta veikal\u0101 p\u0101rdoto pakalpojumu cenas ir nor\u0101d\u012btas pie pakalpojumiem. Visas tie\u0161saistes veikal\u0101 p\u0101rdoto pre\u010du cenas ir nor\u0101d\u012btas euro. Inform\u0101cija par pakalpojumu ir [&hellip;]<\/p>\n","protected":false},"author":1,"featured_media":0,"parent":0,"menu_order":0,"comment_status":"closed","ping_status":"closed","template":"","meta":{"footnotes":""},"class_list":["post-1182","page","type-page","status-publish","hentry"],"jetpack_sharing_enabled":true,"_links":{"self":[{"href":"https:\/\/logokujundus.ee\/lv\/wp-json\/wp\/v2\/pages\/1182","targetHints":{"allow":["GET"]}}],"collection":[{"href":"https:\/\/logokujundus.ee\/lv\/wp-json\/wp\/v2\/pages"}],"about":[{"href":"https:\/\/logokujundus.ee\/lv\/wp-json\/wp\/v2\/types\/page"}],"author":[{"embeddable":true,"href":"https:\/\/logokujundus.ee\/lv\/wp-json\/wp\/v2\/users\/1"}],"replies":[{"embeddable":true,"href":"https:\/\/logokujundus.ee\/lv\/wp-json\/wp\/v2\/comments?post=1182"}],"version-history":[{"count":2,"href":"https:\/\/logokujundus.ee\/lv\/wp-json\/wp\/v2\/pages\/1182\/revisions"}],"predecessor-version":[{"id":2185,"href":"https:\/\/logokujundus.ee\/lv\/wp-json\/wp\/v2\/pages\/1182\/revisions\/2185"}],"wp:attachment":[{"href":"https:\/\/logokujundus.ee\/lv\/wp-json\/wp\/v2\/media?parent=1182"}],"curies":[{"name":"wp","href":"https:\/\/api.w.org\/{rel}","templated":true}]}}