{"id":1214,"date":"2025-03-04T18:05:35","date_gmt":"2025-03-04T16:05:35","guid":{"rendered":"http:\/\/logokujundus.ee\/lietosanas-noteikumi\/"},"modified":"2025-03-05T18:00:42","modified_gmt":"2025-03-05T16:00:42","slug":"lietosanas-noteikumi","status":"publish","type":"page","link":"https:\/\/logokujundus.ee\/lv\/lietosanas-noteikumi\/","title":{"rendered":"Lieto\u0161anas noteikumi"},"content":{"rendered":"\n<p>Apmekl\u0113jot t\u012bmek\u013ca vietni <a href=\"http:\/\/logokujundus.ee\/lv\/\">logokujundus.ee<\/a>, j\u016bs piekr\u012btat iev\u0113rot \u0161aj\u0101 dokument\u0101 izkl\u0101st\u012btos lieto\u0161anas noteikumus. Ja nepiekr\u012btat \u0161iem lieto\u0161anas noteikumiem, l\u016bdzu, nekav\u0113joties atst\u0101jiet t\u012bmek\u013ca vietni. \u0160\u012bs t\u012bmek\u013ca vietnes materi\u0101lus aizsarg\u0101 pre\u010du z\u012bmju un autorties\u012bbu likumi.  <\/p>\n\n<p>J\u016bsu piek\u013cuve Pakalpojumam un t\u0101 lieto\u0161ana ir ar\u012b atkar\u012bga no t\u0101, vai piekr\u012btat Skald O\u00dc Priv\u0101tuma politikai un t\u0101s iev\u0113ro\u0161anai. Priv\u0101tuma politik\u0101 ir aprakst\u012bta m\u016bsu politika un prakse attiec\u012bb\u0101 uz j\u016bsu personisk\u0101s inform\u0101cijas v\u0101k\u0161anu, izmanto\u0161anu un izpau\u0161anu, kad j\u016bs izmantojat m\u016bsu lietojumprogrammu vai t\u012bmek\u013ca vietni. T\u0101p\u0113c pirms m\u016bsu vietnes vai pakalpojumu izmanto\u0161anas r\u016bp\u012bgi izlasiet m\u016bsu <a href=\"http:\/\/logokujundus.ee\/lv\/konfidencialitates-politika\/\">Priv\u0101tuma politikas dokumentu<\/a>.  <\/p>\n\n<h2 class=\"wp-block-heading\">S\u012bkfaili<\/h2>\n\n<p>T\u0101pat k\u0101 vairums m\u016bsdienu t\u012bmek\u013ca viet\u0146u, ar\u012b m\u016bsu t\u012bmek\u013ca vietn\u0113 tiek izmantotas s\u012bkdatnes. M\u0113s izmantojam s\u012bkfailus, lai uzlabotu noteiktu lapu funkcionalit\u0101ti un padar\u012btu m\u016bsu vietni viegl\u0101ku un \u0113rt\u0101ku apmekl\u0113t\u0101jiem. Da\u017eas m\u016bsu partneru vietnes ar\u012b var izmantot s\u012bkfailus. Vair\u0101k par s\u012bkfailiem varat izlas\u012bt m\u016bsu priv\u0101tuma politikas dokument\u0101.   <\/p>\n\n<h2 class=\"wp-block-heading\">Licences<\/h2>\n\n<p>Ja vien nav nor\u0101d\u012bts cit\u0101di, Skald O\u00dc pieder visas <a href=\"http:\/\/logokujundus.ee\/lv\/\">logokujundus.ee<\/a> redzam\u0101s intelektu\u0101l\u0101 \u012bpa\u0161uma ties\u012bbas. Visas ties\u012bbas aizsarg\u0101tas. <\/p>\n\n<p>J\u016bs nedr\u012bkstat:<\/p>\n\n<ul class=\"wp-block-list\">\n<li>public\u0113t <a href=\"http:\/\/logokujundus.ee\/lv\/\">logokujundus.ee<\/a> materi\u0101lus (tekstu, att\u0113lus, video u.c.) citur.<\/li>\n\n\n\n<li>p\u0101rdot, iznom\u0101t vai licenc\u0113t \u0161o materi\u0101lu.<\/li>\n\n\n\n<li>Kop\u0113jiet lapas saturu.<\/li>\n\n\n\n<li>Izplat\u012bt t\u012bmek\u013ca vietnes <a href=\"http:\/\/logokujundus.ee\/lv\/\">logokujundus.ee<\/a> lapu saturu.<\/li>\n<\/ul>\n\n<p>\u0160is l\u012bgums ir sp\u0113k\u0101 no 2025. gada 4. marta.<\/p>\n\n<p>Da\u017e\u0101s \u0161\u012bs vietnes lap\u0101s lietot\u0101jiem var b\u016bt iesp\u0113ja koment\u0113t un apmain\u012bties ar viedok\u013ciem\/inform\u0101ciju. \u0160ie koment\u0101ri neatspogu\u013co Skald Ltd, t\u0101s a\u0123entu un\/vai saist\u012bto uz\u0146\u0113mumu uzskatus un viedok\u013cus. Koment\u0101ri atspogu\u013co to personu viedok\u013cus un uzskatus, kuras tos public\u0113ju\u0161as. Skald O\u00dc nav atbild\u012bgs par t\u012bmek\u013ca vietn\u0113 ievietoto koment\u0101ru saturu vai par jebk\u0101du materi\u0101lu vai mor\u0101lu kait\u0113jumu, kas no tiem izriet.   <\/p>\n\n<p>Skald O\u00dc patur ties\u012bbas uzraudz\u012bt visus koment\u0101rus un dz\u0113st tos, kurus uzskata par nepiem\u0113rotiem, aizskaro\u0161iem vai p\u0101rk\u0101pjo\u0161iem noteikumus un nosac\u012bjumus.<\/p>\n\n<p>Apmekl\u0113jot:<\/p>\n\n<ul class=\"wp-block-list\">\n<li>Jums ir ties\u012bbas m\u016bsu vietn\u0113 public\u0113t koment\u0101rus;<\/li>\n\n\n\n<li>J\u016bs apliecin\u0101t, ka j\u016bsu public\u0113tie koment\u0101ri nep\u0101rk\u0101pj nevienas tre\u0161\u0101s personas intelektu\u0101l\u0101 \u012bpa\u0161uma ties\u012bbas, autorties\u012bbas, patentu vai pre\u010du z\u012bmi;<\/li>\n\n\n\n<li>J\u016bs apliecin\u0101t, ka j\u016bsu koment\u0101ri nesatur apmelojo\u0161us, aizskaro\u0161us, aizvainojo\u0161us, nepiedien\u012bgus vai cit\u0101di nelikum\u012bgus materi\u0101lus;<\/li>\n\n\n\n<li>J\u016bs piekr\u012btat, ka neizmantosiet ties\u012bbas koment\u0113t, lai aicin\u0101tu uz komerci\u0101l\u0101m vai nelikum\u012bg\u0101m darb\u012bb\u0101m vai veicin\u0101tu t\u0101s.<\/li>\n<\/ul>\n\n<p>Ar \u0161o j\u016bs pie\u0161\u0137irat Skald O\u00dc ekskluz\u012bvu licenci izmantot, reproduc\u0113t, redi\u0123\u0113t un at\u013caut citiem izmantot, reproduc\u0113t un redi\u0123\u0113t j\u016bsu koment\u0101rus jebkur\u0101 form\u0101, form\u0101t\u0101 vai nes\u0113j\u0101.<\/p>\n\n<h2 class=\"wp-block-heading\">Atteik\u0161an\u0101s no saist\u012bb\u0101m<\/h2>\n\n<p>M\u0113s negarant\u0113jam, ka \u0161aj\u0101 vietn\u0113 sniegt\u0101 inform\u0101cija ir pareiza, piln\u012bga vai prec\u012bza. M\u0113s ar\u012b negarant\u0113jam, ka t\u012bmek\u013ca vietne vienm\u0113r b\u016bs pieejama vai ka taj\u0101 eso\u0161\u0101 inform\u0101cija tiks atjaunin\u0101ta. <\/p>\n\n<p>Ja t\u012bmek\u013ca vietn\u0113 sniegt\u0101 inform\u0101cija un\/vai pakalpojumi tiek sniegti bez maksas, m\u0113s neesam atbild\u012bgi par jebk\u0101diem zaud\u0113jumiem vai kait\u0113jumu.<\/p>\n\n<h2 class=\"wp-block-heading\">Str\u012bdu iz\u0161\u0137ir\u0161ana<\/h2>\n\n<p>Ja jums ir k\u0101das ba\u017eas vai str\u012bdi par Pakalpojumu, j\u016bs piekr\u012btat vispirms m\u0113\u0123in\u0101t str\u012bdu atrisin\u0101t neform\u0101li, sazinoties ar Skald O\u00dc.<\/p>\n\n<h2 class=\"wp-block-heading\">Ierobe\u017eojumi<\/h2>\n\n<p>Ne Skald O\u00dc, ne t\u0101s pieg\u0101d\u0101t\u0101ji nesniedz nek\u0101dus apgalvojumus par Skald O\u00dc interneta vietn\u0113 pieejamo materi\u0101lu izmanto\u0161anu vai neiesp\u0113jam\u012bbu tos izmantot. Pat tad, ja Skald O\u00dc vai t\u0101s pilnvarotais p\u0101rst\u0101vis ir mutiski vai rakstiski inform\u0113ts par \u0161\u0101du boj\u0101jumu iesp\u0113jam\u012bbu. <\/p>\n\n<h2 class=\"wp-block-heading\">Izmai\u0146as un k\u013c\u016bdas<\/h2>\n\n<p>Skald O\u00dc t\u012bmek\u013ca vietn\u0113 var b\u016bt da\u017e\u0101das k\u013c\u016bdas. M\u0113s neesam atbild\u012bgi par vietn\u0113 ietvert\u0101s inform\u0101cijas precizit\u0101ti, piln\u012bgumu vai atbilst\u012bbu. M\u0113s jebkur\u0101 laik\u0101 un bez iepriek\u0161\u0113ja br\u012bdin\u0101juma varam main\u012bt vai dz\u0113st vietn\u0113 iek\u013cauto inform\u0101ciju. Skald O\u00dc nav pien\u0101kuma atjaunin\u0101t inform\u0101ciju sav\u0101 t\u012bmek\u013ca vietn\u0113.   <\/p>\n\n<h2 class=\"wp-block-heading\">Saites uz cit\u0101m vietn\u0113m<\/h2>\n\n<p>M\u016bsu pakalpojums var ietvert saites uz tre\u0161o personu vietn\u0113m vai pakalpojumiem. M\u0113s nekontrol\u0113jam un neesam atbild\u012bgi par \u0161\u0101du viet\u0146u pakalpojumiem, saturu vai priv\u0101tuma politiku. J\u016bs ar\u012b atz\u012bstat un piekr\u012btat, ka Skald LLC nav tie\u0161i vai netie\u0161i atbild\u012bga par jebk\u0101diem zaud\u0113jumiem vai kait\u0113jumu, kas var rasties, izmantojot tre\u0161o personu t\u012bmek\u013ca vietnes.  <\/p>\n\n<p>M\u0113s iesak\u0101m izlas\u012bt visu tre\u0161o pu\u0161u viet\u0146u, kuras apmekl\u0113jat, pakalpojumu snieg\u0161anas noteikumus un konfidencialit\u0101tes politiku.<\/p>\n\n<h2 class=\"wp-block-heading\">Saites no\u0146em\u0161ana no m\u016bsu vietnes<\/h2>\n\n<p>Ja m\u016bsu vietn\u0113 atrodat saiti, kas k\u0101du iemeslu d\u0113\u013c nav piem\u0113rota, varat sazin\u0101ties ar mums un pazi\u0146ot mums par to. M\u0113s izskat\u012bsim piepras\u012bjumus dz\u0113st saites un atbild\u0113sim 5 darba dienu laik\u0101, ta\u010du mums nav pien\u0101kuma dz\u0113st saites. <\/p>\n\n<p>Lai gan m\u0113s cen\u0161amies nodro\u0161in\u0101t, ka m\u016bsu t\u012bmek\u013ca vietn\u0113 sniegt\u0101 inform\u0101cija ir pareiza, m\u0113s nevaram garant\u0113t t\u0101s piln\u012bgumu vai precizit\u0101ti, k\u0101 ar\u012b mums nav pien\u0101kuma nodro\u0161in\u0101t, ka t\u012bmek\u013ca vietne ir pieejama vai ka taj\u0101 pieejamie materi\u0101li ir aktu\u0101li.<\/p>\n\n<h2 class=\"wp-block-heading\">Noteikumu nodal\u012b\u0161ana<\/h2>\n\n<p>Ja k\u0101ds no \u0161o Noteikumu noteikumiem tiek atz\u012bts par sp\u0113k\u0101 neeso\u0161u, \u0161is noteikums tiks groz\u012bts, lai maksim\u0101li palielin\u0101tu t\u0101 efektivit\u0101ti un atbilst\u012bbu ties\u012bbu aktiem. Visi p\u0101r\u0113jie Pakalpojumu snieg\u0161anas noteikumu noteikumi paliek sp\u0113k\u0101 piln\u0101 apm\u0113r\u0101. <\/p>\n\n<h2 class=\"wp-block-heading\">Atteik\u0161an\u0101s no ties\u012bb\u0101m<\/h2>\n\n<p>Ja vien \u0161eit nav noteikts cit\u0101di, jebkuru \u0161eit min\u0113to ties\u012bbu neizmanto\u0161ana nenoz\u012bm\u0113, ka t\u0101s pa\u0161as ties\u012bbas nevar izmantot v\u0113l\u0101k.<\/p>\n\n<h2 class=\"wp-block-heading\">Izmai\u0146as lieto\u0161anas nosac\u012bjumos<\/h2>\n\n<p>M\u0113s paturam ties\u012bbas jebkur\u0101 laik\u0101 main\u012bt \u0161os Noteikumus p\u0113c saviem ieskatiem. Ja izmai\u0146as ir b\u016btiskas, m\u0113s dar\u012bsim visu iesp\u0113jamo, lai j\u016bs par to br\u012bdin\u0101tu vismaz 30 dienas pirms to st\u0101\u0161an\u0101s sp\u0113k\u0101. To, kas ir uzskat\u0101ms par b\u016btisk\u0101m izmai\u0146\u0101m, noteiksim p\u0113c saviem ieskatiem.  <\/p>\n\n<p>Turpinot izmantot m\u016bsu pakalpojumus p\u0113c \u0161o izmai\u0146u sp\u0113k\u0101 st\u0101\u0161an\u0101s datuma, j\u016bs piekr\u012btat p\u0101rskat\u012btajiem noteikumiem. Ja nepiekr\u012btat visiem jaunajiem Noteikumiem vai k\u0101dai to da\u013cai, l\u016bdzu, p\u0101rtrauciet izmantot m\u016bsu vietni un Pakalpojumu. <\/p>\n\n<h2 class=\"wp-block-heading\">Piek\u013cuves aptur\u0113\u0161ana<\/h2>\n\n<p>Ja j\u016bs p\u0101rk\u0101pjat k\u0101du no \u0161aj\u0101 dokument\u0101 izkl\u0101st\u012btajiem noteikumiem, m\u0113s varam nekav\u0113joties p\u0101rtraukt j\u016bsu piek\u013cuvi m\u016bsu vietnei un pakalpojumiem. \u0160\u0101d\u0101 gad\u012bjum\u0101 mums nav pien\u0101kuma j\u016bs par to inform\u0113t. P\u0113c aptur\u0113\u0161anas j\u016bs nekav\u0113joties zaud\u0113siet ties\u012bbas izmantot m\u016bsu pakalpojumus.  <\/p>\n\n<h2 class=\"wp-block-heading\">J\u016bsu priv\u0101tums<\/h2>\n\n<p>Lai uzzin\u0101tu par noteikumiem, kas attiecas uz j\u016bsu konfidencialit\u0101ti, skatiet m\u016bsu <a href=\"http:\/\/logokujundus.ee\/lv\/konfidencialitates-politika\/\">konfidencialit\u0101tes politiku<\/a>.<\/p>\n\n<h2 class=\"wp-block-heading\">Piem\u0113rojamie ties\u012bbu akti<\/h2>\n\n<p>Visas pras\u012bbas saist\u012bb\u0101 ar Skald O\u00dc t\u012bmek\u013ca vietni reglament\u0113 Igaunijas Republikas likumi.<\/p>\n\n<h2 class=\"wp-block-heading\">Sazinieties ar<\/h2>\n\n<p>Ja jums ir k\u0101di jaut\u0101jumi, l\u016bdzu, sazinieties ar mums pa e-pastu: ahhoi@skald.ee vai t\u0101lruni: +37251930090.<\/p>\n\n<p>Skald O\u00dc patur ties\u012bbas vajadz\u012bbas gad\u012bjum\u0101 veikt izmai\u0146as t\u012bmek\u013ca vietnes lieto\u0161anas noteikumos un nosac\u012bjumos.<\/p>\n\n<p>P\u0113d\u0113jo reizi redi\u0123\u0113ts 04\/03\/2025<\/p>\n\n<p><\/p>\n","protected":false},"excerpt":{"rendered":"<p>Apmekl\u0113jot t\u012bmek\u013ca vietni logokujundus.ee, j\u016bs piekr\u012btat iev\u0113rot \u0161aj\u0101 dokument\u0101 izkl\u0101st\u012btos lieto\u0161anas noteikumus. Ja nepiekr\u012btat \u0161iem lieto\u0161anas noteikumiem, l\u016bdzu, nekav\u0113joties atst\u0101jiet t\u012bmek\u013ca vietni. \u0160\u012bs t\u012bmek\u013ca vietnes materi\u0101lus aizsarg\u0101 pre\u010du z\u012bmju un autorties\u012bbu likumi. J\u016bsu piek\u013cuve Pakalpojumam un t\u0101 lieto\u0161ana ir ar\u012b atkar\u012bga no t\u0101, vai piekr\u012btat Skald O\u00dc Priv\u0101tuma politikai un t\u0101s iev\u0113ro\u0161anai. Priv\u0101tuma politik\u0101 ir [&hellip;]<\/p>\n","protected":false},"author":1,"featured_media":0,"parent":0,"menu_order":0,"comment_status":"closed","ping_status":"closed","template":"","meta":{"footnotes":""},"class_list":["post-1214","page","type-page","status-publish","hentry"],"jetpack_sharing_enabled":true,"_links":{"self":[{"href":"https:\/\/logokujundus.ee\/lv\/wp-json\/wp\/v2\/pages\/1214","targetHints":{"allow":["GET"]}}],"collection":[{"href":"https:\/\/logokujundus.ee\/lv\/wp-json\/wp\/v2\/pages"}],"about":[{"href":"https:\/\/logokujundus.ee\/lv\/wp-json\/wp\/v2\/types\/page"}],"author":[{"embeddable":true,"href":"https:\/\/logokujundus.ee\/lv\/wp-json\/wp\/v2\/users\/1"}],"replies":[{"embeddable":true,"href":"https:\/\/logokujundus.ee\/lv\/wp-json\/wp\/v2\/comments?post=1214"}],"version-history":[{"count":1,"href":"https:\/\/logokujundus.ee\/lv\/wp-json\/wp\/v2\/pages\/1214\/revisions"}],"predecessor-version":[{"id":1215,"href":"https:\/\/logokujundus.ee\/lv\/wp-json\/wp\/v2\/pages\/1214\/revisions\/1215"}],"wp:attachment":[{"href":"https:\/\/logokujundus.ee\/lv\/wp-json\/wp\/v2\/media?parent=1214"}],"curies":[{"name":"wp","href":"https:\/\/api.w.org\/{rel}","templated":true}]}}