{"id":1218,"date":"2025-03-03T11:19:53","date_gmt":"2025-03-03T09:19:53","guid":{"rendered":"http:\/\/logokujundus.ee\/teenus\/logotipa-dizains\/"},"modified":"2025-04-08T15:02:29","modified_gmt":"2025-04-08T12:02:29","slug":"logotipa-dizains","status":"publish","type":"product","link":"https:\/\/logokujundus.ee\/lv\/teenus\/logotipa-dizains\/","title":{"rendered":"Logotipa dizains"},"content":{"rendered":"<p>Ja esat jauns uz\u0146\u0113mums, personaliz\u0113ts logotips ir labs l\u012bdzeklis, lai izceltos rekl\u0101m\u0101. Novecoju\u0161a logotipa nomai\u0146a ir laba ideja ar\u012b jau izveidotiem uz\u0146\u0113mumiem, kas v\u0113las uzlabot savu t\u0113lu. M\u0113s izstr\u0101d\u0101sim jums jaunu logotipu, kas atspogu\u013co j\u016bsu uz\u0146\u0113muma v\u0113rt\u012bbas un st\u0101stu. Izmantojot m\u016bsu pakalpojumus, j\u016bs varat sa\u0146emt jaun\u0101 logotipa versijas izmanto\u0161anai gan uz gai\u0161a, gan tum\u0161a fona, k\u0101 ar\u012b failus da\u017e\u0101dos failu form\u0101tos, lai maksim\u0101li palielin\u0101tu logotipa lietojam\u012bbu.   <\/p>\n","protected":false},"excerpt":{"rendered":"<p>Ja esat jauns uz\u0146\u0113mums, personaliz\u0113ts logotips ir labs l\u012bdzeklis, lai izceltos rekl\u0101m\u0101. Novecoju\u0161a logotipa nomai\u0146a ir laba ideja ar\u012b jau izveidotiem uz\u0146\u0113mumiem, kas v\u0113las uzlabot savu t\u0113lu. M\u0113s izstr\u0101d\u0101sim jums jaunu logotipu, kas atspogu\u013co j\u016bsu uz\u0146\u0113muma v\u0113rt\u012bbas un st\u0101stu. Izmantojot m\u016bsu pakalpojumus, j\u016bs varat sa\u0146emt jaun\u0101 logotipa versijas izmanto\u0161anai gan uz gai\u0161a, gan tum\u0161a fona, [&hellip;]<\/p>\n","protected":false},"featured_media":1133,"template":"","meta":[],"product_brand":[],"product_cat":[30],"product_tag":[],"class_list":{"0":"post-1218","1":"product","2":"type-product","3":"status-publish","4":"has-post-thumbnail","6":"product_cat-uncategorized-lv","7":"wcpa_has_options","9":"first","10":"instock","11":"shipping-taxable","12":"purchasable","13":"product-type-variable","14":"has-default-attributes"},"jetpack_sharing_enabled":true,"_links":{"self":[{"href":"https:\/\/logokujundus.ee\/lv\/wp-json\/wp\/v2\/product\/1218","targetHints":{"allow":["GET"]}}],"collection":[{"href":"https:\/\/logokujundus.ee\/lv\/wp-json\/wp\/v2\/product"}],"about":[{"href":"https:\/\/logokujundus.ee\/lv\/wp-json\/wp\/v2\/types\/product"}],"wp:featuredmedia":[{"embeddable":true,"href":"https:\/\/logokujundus.ee\/lv\/wp-json\/wp\/v2\/media\/1133"}],"wp:attachment":[{"href":"https:\/\/logokujundus.ee\/lv\/wp-json\/wp\/v2\/media?parent=1218"}],"wp:term":[{"taxonomy":"product_brand","embeddable":true,"href":"https:\/\/logokujundus.ee\/lv\/wp-json\/wp\/v2\/product_brand?post=1218"},{"taxonomy":"product_cat","embeddable":true,"href":"https:\/\/logokujundus.ee\/lv\/wp-json\/wp\/v2\/product_cat?post=1218"},{"taxonomy":"product_tag","embeddable":true,"href":"https:\/\/logokujundus.ee\/lv\/wp-json\/wp\/v2\/product_tag?post=1218"}],"curies":[{"name":"wp","href":"https:\/\/api.w.org\/{rel}","templated":true}]}}