{"id":1646,"date":"2025-03-12T10:22:29","date_gmt":"2025-03-12T08:22:29","guid":{"rendered":"http:\/\/logokujundus.ee\/?post_type=product&#038;p=1646"},"modified":"2025-03-17T17:06:47","modified_gmt":"2025-03-17T15:06:47","slug":"logotipa-dizains-kopeeri","status":"publish","type":"product","link":"https:\/\/logokujundus.ee\/lv\/teenus\/logotipa-dizains-kopeeri\/","title":{"rendered":"Logotipa dizaina atjaunin\u0101\u0161ana"},"content":{"rendered":"<p>Ne vienm\u0113r ir j\u0101izveido piln\u012bgi jauns logotips. Da\u017ek\u0101rt pietiek piel\u0101got veco, piem\u0113ram, saska\u0146ojot kr\u0101sas vai vienk\u0101r\u0161ojot formas. M\u0113s pie\u0161\u0137irsim j\u016bsu vecajam logotipam jaunu elpu.   Izmantojot \u0161o pakalpojumu, varat sa\u0146emt jaun\u0101 logotipa versijas lieto\u0161anai gan uz gai\u0161a, gan tum\u0161a fona, k\u0101 ar\u012b failus da\u017e\u0101dos failu form\u0101tos, lai logotipu var\u0113tu izmantot p\u0113c iesp\u0113jas \u0113rt\u0101k. Pakalpojumam ir nepiecie\u0161ami j\u016bsu vecie logotipa faili. V\u0113lams, lai j\u016bs mums nos\u016bt\u012btu savu eso\u0161\u0101 logotipa failu p\u0113c iesp\u0113jas augst\u0101k\u0101 iz\u0161\u0137irtsp\u0113j\u0101. Ja iesp\u0113jams, s\u016btiet failus vektora form\u0101t\u0101 (SVG, AI, PDF, EPS), bet, ja tas nav iesp\u0113jams, piem\u0113roti ir ar\u012b rastra faili (JPG, PNG, GIF, WEBP).<\/p>\n","protected":false},"excerpt":{"rendered":"<p>Ne vienm\u0113r ir j\u0101izveido piln\u012bgi jauns logotips. Da\u017ek\u0101rt pietiek piel\u0101got veco, piem\u0113ram, saska\u0146ojot kr\u0101sas vai vienk\u0101r\u0161ojot formas. M\u0113s pie\u0161\u0137irsim j\u016bsu vecajam logotipam jaunu elpu. Izmantojot \u0161o pakalpojumu, varat sa\u0146emt jaun\u0101 logotipa versijas lieto\u0161anai gan uz gai\u0161a, gan tum\u0161a fona, k\u0101 ar\u012b failus da\u017e\u0101dos failu form\u0101tos, lai logotipu var\u0113tu izmantot p\u0113c iesp\u0113jas \u0113rt\u0101k. Pakalpojumam ir nepiecie\u0161ami [&hellip;]<\/p>\n","protected":false},"featured_media":1133,"template":"","meta":[],"product_brand":[],"product_cat":[30],"product_tag":[],"class_list":{"0":"post-1646","1":"product","2":"type-product","3":"status-publish","4":"has-post-thumbnail","6":"product_cat-uncategorized-lv","7":"wcpa_has_options","9":"first","10":"instock","11":"shipping-taxable","12":"purchasable","13":"product-type-variable","14":"has-default-attributes"},"jetpack_sharing_enabled":true,"_links":{"self":[{"href":"https:\/\/logokujundus.ee\/lv\/wp-json\/wp\/v2\/product\/1646","targetHints":{"allow":["GET"]}}],"collection":[{"href":"https:\/\/logokujundus.ee\/lv\/wp-json\/wp\/v2\/product"}],"about":[{"href":"https:\/\/logokujundus.ee\/lv\/wp-json\/wp\/v2\/types\/product"}],"wp:featuredmedia":[{"embeddable":true,"href":"https:\/\/logokujundus.ee\/lv\/wp-json\/wp\/v2\/media\/1133"}],"wp:attachment":[{"href":"https:\/\/logokujundus.ee\/lv\/wp-json\/wp\/v2\/media?parent=1646"}],"wp:term":[{"taxonomy":"product_brand","embeddable":true,"href":"https:\/\/logokujundus.ee\/lv\/wp-json\/wp\/v2\/product_brand?post=1646"},{"taxonomy":"product_cat","embeddable":true,"href":"https:\/\/logokujundus.ee\/lv\/wp-json\/wp\/v2\/product_cat?post=1646"},{"taxonomy":"product_tag","embeddable":true,"href":"https:\/\/logokujundus.ee\/lv\/wp-json\/wp\/v2\/product_tag?post=1646"}],"curies":[{"name":"wp","href":"https:\/\/api.w.org\/{rel}","templated":true}]}}