{"id":1662,"date":"2025-03-12T10:44:05","date_gmt":"2025-03-12T08:44:05","guid":{"rendered":"http:\/\/logokujundus.ee\/?post_type=product&#038;p=1662"},"modified":"2025-03-12T11:30:31","modified_gmt":"2025-03-12T09:30:31","slug":"logotipa-dizaina-atjauninasana-kopeeri","status":"publish","type":"product","link":"https:\/\/logokujundus.ee\/lv\/teenus\/logotipa-dizaina-atjauninasana-kopeeri\/","title":{"rendered":"Logotipa vektoriz\u0101cija"},"content":{"rendered":"<p>Ja jums ir labs logotips, bet to ir gr\u016bti izmantot noteikt\u0101s situ\u0101cij\u0101s, jo tr\u016bkst vektora form\u0101ta, m\u0113s varam jums pal\u012bdz\u0113t vektoriz\u0113t j\u016bsu logotipu, lai atvieglotu t\u0101 turpm\u0101ku izmanto\u0161anu. Vektoriz\u0113ta logotipa priek\u0161roc\u012bba ir t\u0101, ka at\u0161\u0137ir\u012bb\u0101 no rasteriz\u0113ta JPG vai PNG logotipa to var izmantot da\u017e\u0101dos izm\u0113ros, nepasliktinot att\u0113la kvalit\u0101ti un nek\u013c\u016bstot izpl\u016bdu\u0161am un negl\u012btam. \u0160im pakalpojumam ir nepiecie\u0161ami j\u016bsu vecie logotipa faili. V\u0113lams, lai j\u016bs mums nos\u016bt\u012btu sava eso\u0161\u0101 logotipa iesp\u0113jami augstas iz\u0161\u0137irtsp\u0113jas failu. Vektoriz\u0101cijai piem\u0113roti \u0161\u0101di failu form\u0101ti: JPG, PNG, GIF un WEBP.    <\/p>\n","protected":false},"excerpt":{"rendered":"<p>Ja jums ir labs logotips, bet to ir gr\u016bti izmantot noteikt\u0101s situ\u0101cij\u0101s, jo tr\u016bkst vektora form\u0101ta, m\u0113s varam jums pal\u012bdz\u0113t vektoriz\u0113t j\u016bsu logotipu, lai atvieglotu t\u0101 turpm\u0101ku izmanto\u0161anu. Vektoriz\u0113ta logotipa priek\u0161roc\u012bba ir t\u0101, ka at\u0161\u0137ir\u012bb\u0101 no rasteriz\u0113ta JPG vai PNG logotipa to var izmantot da\u017e\u0101dos izm\u0113ros, nepasliktinot att\u0113la kvalit\u0101ti un nek\u013c\u016bstot izpl\u016bdu\u0161am un negl\u012btam. \u0160im [&hellip;]<\/p>\n","protected":false},"featured_media":1133,"template":"","meta":[],"product_brand":[],"product_cat":[30],"product_tag":[],"class_list":{"0":"post-1662","1":"product","2":"type-product","3":"status-publish","4":"has-post-thumbnail","6":"product_cat-uncategorized-lv","7":"wcpa_has_options","9":"first","10":"instock","11":"virtual","12":"purchasable","13":"product-type-simple"},"jetpack_sharing_enabled":true,"_links":{"self":[{"href":"https:\/\/logokujundus.ee\/lv\/wp-json\/wp\/v2\/product\/1662","targetHints":{"allow":["GET"]}}],"collection":[{"href":"https:\/\/logokujundus.ee\/lv\/wp-json\/wp\/v2\/product"}],"about":[{"href":"https:\/\/logokujundus.ee\/lv\/wp-json\/wp\/v2\/types\/product"}],"wp:featuredmedia":[{"embeddable":true,"href":"https:\/\/logokujundus.ee\/lv\/wp-json\/wp\/v2\/media\/1133"}],"wp:attachment":[{"href":"https:\/\/logokujundus.ee\/lv\/wp-json\/wp\/v2\/media?parent=1662"}],"wp:term":[{"taxonomy":"product_brand","embeddable":true,"href":"https:\/\/logokujundus.ee\/lv\/wp-json\/wp\/v2\/product_brand?post=1662"},{"taxonomy":"product_cat","embeddable":true,"href":"https:\/\/logokujundus.ee\/lv\/wp-json\/wp\/v2\/product_cat?post=1662"},{"taxonomy":"product_tag","embeddable":true,"href":"https:\/\/logokujundus.ee\/lv\/wp-json\/wp\/v2\/product_tag?post=1662"}],"curies":[{"name":"wp","href":"https:\/\/api.w.org\/{rel}","templated":true}]}}